{"id":3852,"date":"2022-09-16T17:16:20","date_gmt":"2022-09-16T08:16:20","guid":{"rendered":"https:\/\/www.netsuke.com\/?page_id=3852"},"modified":"2022-09-20T18:19:15","modified_gmt":"2022-09-20T09:19:15","slug":"netsuke","status":"publish","type":"page","link":"https:\/\/www.netsuke.com\/fr\/about\/netsuke\/","title":{"rendered":"What are Netsuke ?\uff08\u30d5\u30e9\u30f3\u30b9\u8a9e\uff09"},"content":{"rendered":"<p><!-- \u30b3\u30f3\u30c6\u30f3\u30c4 --><\/p>\n<div class=\"con_h\">\n<p class=\"pankuzu\"><a href=\"\/fr\/\" class=\"home\" >TOP<\/a> &gt; <a href=\"\/fr\/about\/\" class=\"home\" >\u00c0 propos de SAGEMONOYA<\/a> &gt; Qu\u2019est-ce qu\u2019un Netsuk\u00e9\uff1f<\/p>\n<\/div>\n<p><!-- Breadcrumb NavXT 7.0.2 --><\/p>\n<div class=\"con_in\">\n<section>\n<div class=\"tC pb30\">\n<h2 class=\"tistyle1\">Qu\u2019est-ce qu\u2019un Netsuk\u00e9\uff1f<\/h2>\n<\/p><\/div>\n<div align=\"right\">\n\t      <!--\n\n<ul class=\"social-buttons\">\n\t\t      \n\n<li><script src=\"\/\/platform.linkedin.com\/in.js\" type=\"text\/javascript\"> lang: en_US<\/script><script type=\"IN\/Share\" data-url=\"https:\/\/www.netsuke.com\/about\/netsuke\/\" data-counter=\"right\"><\/script><\/li>\n\n\n\t\t      \n\n<li>\n\n<div class=\"fb-like\" data-href=\"https:\/\/www.netsuke.com\/about\/netsuke\/\" data-layout=\"button\" data-action=\"recommend\" data-size=\"small\" data-show-faces=\"false\" data-share=\"false\"><\/div>\n\n<\/li>\n\n\n\t      <\/ul>\n\n-->\n      <\/div>\n<p><\/p>\n<div class=\"products_dtl1\">\n<div class=\"products_dtl1_l\">\n<p class=\"txt\">Le v\u00eatement traditionnel japonais, le Kimono, n&rsquo;a pas de poches pour les petits objets tels que les porte-monnaie, bo\u00eetes de m\u00e9dicaments (Inro), \u00e9critoires portables (Yatate), \u00e9tuis \u00e0 pipe, blagues \u00e0 tabac, etc.<\/p>\n<p class=\"txt\">Les femmes les portent nich\u00e9s dans les manches, les hommes les suspendent \u00e0 une corde pass\u00e9e derri\u00e8re leur ceinture (Obi). Ces objets suspendus sont appel\u00e9s Sagemono. Pour les emp\u00eacher de tomber, ils sont attach\u00e9s \u00e0 un genre de taquet appel\u00e9 Netsuke fermement positionn\u00e9 au-dessus de la ceinture.<\/p>\n<p class=\"txt\">Le mot Netsuk\u00e9 est \u00e9crit en japonais avec deux caract\u00e8res (\u6839 \u4ed8) qui signifient \u00abracine\u00bb et \u00abattach\u00e9e\u00bb. Il semblerait donc que les premiers Netsuke \u00e9taient de simples morceaux de racine, de bois ou d&rsquo;autres petits mat\u00e9riaux naturels.<\/p>\n<p class=\"txt\">Toutes les sculptures miniatures ne sont pas Netsuk\u00e9 ! Pour \u00eatre un Netsuke, la sculpture doit avoir un ou deux Himotoshi (trous) pour permettre l&rsquo;attachement au Sagemono. Ces trous peuvent \u00eatre perc\u00e9s ou \u00eatre une ouverture naturelle dans la conception du Netsuke.<\/p>\n<p class=\"txt\">Pendant une p\u00e9riode de 300 ans les Netsuke ont \u00e9volu\u00e9 \u00e0 partir d&rsquo;objets simples et pratiques en de superbes sculptures miniatures appr\u00e9ci\u00e9es et collectionn\u00e9s de par le monde.<\/p>\n<\/p><\/div>\n<div class=\"products_dtl1_r\">\n<div class=\"products_profile1\">\n<div id=\"mainImg\">\n              <img decoding=\"async\" src=\"https:\/\/www.netsuke.com\/wp-content\/uploads\/2022\/03\/top-netsuke04.jpg\">\n            <\/div>\n<\/p><\/div>\n<\/p><\/div>\n<\/p><\/div>\n<p><\/p>\n<h3 class=\"tistyle3\">Types de Netsuke<\/h3>\n<p style=\"margin-top:10px;\">Plusieurs types existent, principalement en fonction de leur forme.<\/p>\n<ul>\n<li>\u2022 <u>Manju Netsuke.<\/u> Nomm\u00e9s d&rsquo;apr\u00e8s un petit g\u00e2teau de p\u00e2te de haricot, rond et plat en forme, tr\u00e8s populaire au Japon.<\/li>\n<li>\u2022 <u>Kagamibuta Netsuke.<\/u> De forme similaire au Manju, mais avec un disque (g\u00e9n\u00e9ralement en m\u00e9tal) sur le dessus d&rsquo;un bol creux.<\/li>\n<li>\u2022 <u>Ryusa Netsuke.<\/u> Une autre variante de Manju, mais avec des sculptures en filigrane afin de les rendre plus l\u00e9gers.<\/li>\n<li>\u2022 <u>Katabori Netsuke.<\/u> Ces Netsuke en trois dimensions sont les plus populaires et repr\u00e9sentent des personnages, des animaux, des plantes, des objets d&rsquo;usage quotidien, etc.<\/li>\n<li><u>Men (masque) Netsuke.<\/u> Ce sont g\u00e9n\u00e9ralement des interpr\u00e9tations miniatures des masques traditionnels utilis\u00e9s lors de danses ou th\u00e9\u00e2tres traditionnels japonais tels que Noh, Bugaku, Kyogen ou Gigaku.<\/li>\n<li>\u2022 <u>Sashi Netsuke.<\/u> Contrairement aux pr\u00e9c\u00e9dents types de Netsuke attach\u00e9s \u00e0 des cordons relativement longs, le Sashi Netsuke a un cordon tr\u00e8s court et est ins\u00e9r\u00e9 entre la ceinture et le Kimono. Leur forme est donc g\u00e9n\u00e9ralement longue et plate.<\/li>\n<li>\u2022 <u>Les autres types de Netsuk\u00e9<\/u> Contrairement aux pr\u00e9c\u00e9dents types de Netsuke attach\u00e9s \u00e0 des cordons relativement longs, le Sashi Netsuke a un cordon tr\u00e8s court et est ins\u00e9r\u00e9 entre la ceinture et le Kimono. Leur forme est donc g\u00e9n\u00e9ralement longue et plate.<\/li>\n<\/ul>\n<p><\/p>\n<h3 class=\"tistyle3\">Les sujets des Netsuke<\/h3>\n<p class=\"txt\">Les sujets dans tous les domaines, r\u00e9els ou imaginaires, peuvent \u00eatre trouv\u00e9s dans les Netsuke.<\/p>\n<p class=\"txt\">Les animaux, en particulier les douze du calendrier Zodiac, sont cependant les sujets les plus populaires. Les animaux mythiques tels que Kirin, Suisei et Dragons sont aussi tr\u00e8s recherch\u00e9s, mais le Shishi est le plus commun parmi eux. D&rsquo;autres, comme Hakutaku, Baku ou Nue sont beaucoup plus rares.<\/p>\n<p class=\"txt\">Tous les types de l\u00e9gumes, de fleurs et de fruits ont \u00e9t\u00e9 sculpt\u00e9s <\/p>\n<p class=\"txt\">Les \u00e9trangers tels que les Hollandais et les Chinois \u00e9taient repr\u00e9sent\u00e9s, en particulier durant les 17e et 18e si\u00e8cles.<\/p>\n<p class=\"txt\">Un autre groupe important de sujets couvre les l\u00e9gendes et les mythes souvent emprunt\u00e9s \u00e0 la Chine, y compris les 7 Dieux de la Bonne Fortune, Shoki et une myriade de Sennin (personnages immortels). Les sujets japonais viennent parfois des th\u00e9\u00e2tres Noh et Kabuki ou de contes populaires. <\/p>\n<p class=\"txt\">Une quantit\u00e9 innombrable de sujets de la vie quotidienne ont \u00e9t\u00e9 sculpt\u00e9s, tels que les ustensiles de la c\u00e9r\u00e9monie du th\u00e9, des casques, des paniers, des pi\u00e8ces de monnaie, des gongs de temple, etc. La liste est sans fin &#8230;<\/p>\n<p class=\"txt\">Les Netsuke Shunga montrent des sujets \u00e9rotiques, parfois explicites, mais le plus souvent cach\u00e9e ou seulement sugg\u00e9r\u00e9s&#8230;<\/p>\n<p><\/p>\n<h3 class=\"tistyle3\">Les sculpteurs de Netsuke<\/h3>\n<p style=\"margin-top:10px;\"><img decoding=\"async\" border=\"0\" src=\"https:\/\/www.netsuke.com\/wp-content\/uploads\/2022\/03\/what01.jpg\" align=\"right\" alt=\"What are Netsuke ?\"><br \/>\nLe nombre de sculpteurs de Netsuk\u00e9 est aussi innombrable que leurs sujets. Certains grands sculpteurs n\u2019ont jamais sign\u00e9 leurs \u0153uvres, en particulier pendant la phase initiale. Certains sont devenus c\u00e9l\u00e8bres gr\u00e2ce au premier livre (Soken Kisho en 1781) donnant une liste des noms de Netsukeshi (sculpteurs Netsuke). Ils comprennent des artistes bien connus tels que Masanao (de Kyoto), Tomotada et Garaku.<\/p>\n<p class=\"txt\">Au Japon, l&rsquo;histoire de la sculpture de Netzuk\u00e9 est habituellement divis\u00e9e en 3 p\u00e9riodes:<\/p>\n<ul>\n<li><u>Une premi\u00e8re p\u00e9riode couvrant les Netsuke du 17\u00e8me si\u00e8cle au milieu du 19\u00e8me si\u00e8cle.<\/u> Ceci est la p\u00e9riode o\u00f9 les sculpteurs mentionn\u00e9s dans le Soken Kisho fleurirent, \u00e0 qui nous pouvons ajouter des noms comme Yoshinaga, Okatomo, Minko, Tametaka et Tomiharu. Cependant, pour de nombreux collectionneurs Japonais, la pr\u00e9f\u00e9rence va aux sculpteurs de la p\u00e9riode du d\u00e9but au milieu du 19e si\u00e8cle. Ce fut l\u2019\u00e9poque o\u00f9 les riches marchands voulaient montrer leur fortune en portant des ornements vestimentaires de luxe tels que les Inro ou ensembles de fumeurs. Ceux-ci \u00e9taient fix\u00e9s \u00e0 des Netsuke plus finement sculpt\u00e9s, au risque de les rendre plus fragiles. Pour citer quelques c\u00e9l\u00e8bres sculpteurs de cette \u00e9poque: Sukenaga, Toyomasa, Kokei, Ikkan, Sessai, Otoman et Tomokazu.<\/li>\n<p><\/p>\n<li><u>De la p\u00e9riode Meiji \u00e0 la fin de la Seconde Guerre mondiale (1868 ~ 1945).<\/u> Apr\u00e8s la R\u00e9volution Meiji, le gouvernement recommanda fortement \u00e0 la population d\u2019adopter un style de vie plus moderne, y compris de remplacer le Kimono traditionnel par des v\u00eatements occidentaux. Le r\u00e9sultat a \u00e9t\u00e9 une diminution rapide de la demande de Sagemono et de Netsuke. Ce fut le moment o\u00f9 de nombreux \u00e9trangers ont commenc\u00e9 \u00e0 se rendre au Japon et ont d\u00e9couvert l&rsquo;attrait de ces petites \u0153uvres d&rsquo;art. Ce fut un soulagement pour les sculpteurs qui pouvaient \u00e0 nouveau produire des Netsuke et les exporter en assez grandes quantit\u00e9s, principalement en Europe. Malheureusement, la qualit\u00e9 de ces Netsuke a diminu\u00e9 et seulement une poign\u00e9e de sculpteurs a continu\u00e9 la fa\u00e7on traditionnelle de la cr\u00e9ation de petits chefs-d&rsquo;\u0153uvre. Ces Netsuke, m\u00eame s\u2019ils ont ont perdu leur usage d&rsquo;origine, ont \u00e9t\u00e9 tr\u00e8s appr\u00e9ci\u00e9s par les collectionneurs, \u00e0 la fois au Japon et \u00e0 l&rsquo;\u00e9tranger. Des ma\u00eetres sculpteurs tels que Mitsuhiro, Tokoku, Kokusai, Kaigyokusai, Morita Soko, Sosui et Gyokuso \u00e9taient les plus pris\u00e9s.<\/li>\n<p><\/p>\n<li><u>Troisi\u00e8me p\u00e9riode (de 1945 jusqu&rsquo;\u00e0 nos jours).<\/u> Il est \u00e9vident que la demande de Netsuke a chut\u00e9 au cours de la Seconde Guerre mondiale, mais elle a recommenc\u00e9e en 1946. Malheureusement, la plupart des Netsuke sculpt\u00e9s \u00e0 cette \u00e9poque a \u00e9t\u00e9 produite en masse dans des ateliers. Ces Netsuke doivent donc \u00eatre consid\u00e9r\u00e9s comme de simples articles de souvenir. Dans les ann\u00e9es 70, M. Raymond Bushell, un r\u00e9sident \u00e9tranger au Japon, a encourag\u00e9 certains sculpteurs \u00e0 produire \u00e0 nouveau des Netsuke de qualit\u00e9 soit dans la mani\u00e8re traditionnelle ou en cr\u00e9ant des conceptions plus modernes et contemporaines. Plusieurs de ces Netsukeshi sont devenu c\u00e9l\u00e8bres, \u00e0 la fois au Japon et \u00e0 l&rsquo;\u00e9tranger. Pour ne citer que quelques-uns: Masatoshi, Ryushi, Bishu, Hideyuki, Kangyoku. A l\u2019\u00e9tranger, d\u2019autres sculpteurs comme Clive Hallam, Popova, Sloggett, Osipov et Derkachenko produisent des Netsuke contemporains tr\u00e8s recherch\u00e9s.<\/li>\n<\/ul>\n<p><\/p>\n<h3 class=\"tistyle3\">Les principaux centres de sculpture de Netsuke<\/h3>\n<p style=\"margin-top:10px;\"><img decoding=\"async\" border=\"0\" src=\"https:\/\/www.netsuke.com\/wp-content\/uploads\/2022\/03\/what02.jpg\" align=\"left\" alt=\"Netsuke subjects\" style=\"padding-right: 10px;\"><br \/>\nAu fil des si\u00e8cles, les sculpteurs de Netsuk\u00e9 avaient tendance \u00e0 rester dans certaines r\u00e9gions du Japon, ayant chacune un style distinctif. Les plus importantes \u00e9taient: Kyoto, Osaka, Hakata, Takayama, Iwami, Nagoya, Gifu, Edo, Ise et Tamba.<\/p>\n<p><br clear=\"all\"><\/p>\n<p class=\"mt30\" align=\"right\"><a href=\"\/fr\/about\/\" class=\"astyle1\" >\u25bcRetour \u00e0 \u00c0 propos de SAGEMONOYA<\/a><\/p>\n<\/section><\/div>\n","protected":false},"excerpt":{"rendered":"<p>TOP &gt; \u00c0 propos de SAGEMONOYA &gt; Qu\u2019est-ce qu\u2019un Netsuk\u00e9\uff1f Qu\u2019est-ce qu\u2019un Netsuk\u00e9\uff1f Le v\u00eatement traditionnel japonais, le Kimono, n&rsquo;a pas de poches pour les petits objets tels que les porte-monnaie, bo\u00eetes de m\u00e9dicaments (Inro), \u00e9critoires portables (Yatate), \u00e9tuis \u00e0 pipe, blagues \u00e0 tabac, etc. Les femmes les portent nich\u00e9s dans les manches, les hommes les suspendent \u00e0 une corde pass\u00e9e derri\u00e8re leur ceinture (Obi). Ces objets suspendus sont appel\u00e9s Sagemono. Pour les emp\u00eacher de tomber, ils sont attach\u00e9s \u00e0 un genre de taquet appel\u00e9 Netsuke fermement positionn\u00e9 au-dessus de la ceinture. Le mot Netsuk\u00e9 est \u00e9crit en japonais avec deux caract\u00e8res (\u6839 \u4ed8) qui signifient \u00abracine\u00bb et \u00abattach\u00e9e\u00bb. Il [&hellip;]<\/p>\n","protected":false},"author":2,"featured_media":0,"parent":2484,"menu_order":0,"comment_status":"closed","ping_status":"closed","template":"","meta":{"_locale":"fr_FR","_original_post":"https:\/\/www.netsuke.com\/?page_id=81","footnotes":""},"class_list":["post-3852","page","type-page","status-publish","hentry","fr-FR"],"yoast_head":"<!-- This site is optimized with the Yoast SEO plugin v19.9 - https:\/\/yoast.com\/wordpress\/plugins\/seo\/ -->\n<title>Qu\u2019est-ce qu\u2019un Netsuk\u00e9\uff1f |<\/title>\n<meta name=\"description\" content=\"En japonais le mot Netsuke est \u00e9crit avec deux caract\u00e8res (\u6839\u4ed8) qui signifient \u00abracine\u00bb et \u00abattach\u00e9\u00bb. Cette page donne les explications de base des Netsuk\u00e9 et comment ces d&#039;objets simples et pratiques ont \u00e9volu\u00e9 en superbes sculptures, appr\u00e9ci\u00e9es et collectionn\u00e9es de par le monde.\" \/>\n<meta name=\"robots\" content=\"index, follow, max-snippet:-1, max-image-preview:large, max-video-preview:-1\" \/>\n<link rel=\"canonical\" href=\"https:\/\/www.netsuke.com\/fr\/about\/netsuke\/\" \/>\n<meta property=\"og:locale\" content=\"fr_FR\" \/>\n<meta property=\"og:type\" content=\"article\" \/>\n<meta property=\"og:title\" content=\"Qu\u2019est-ce qu\u2019un Netsuk\u00e9\uff1f |\" \/>\n<meta property=\"og:description\" content=\"En japonais le mot Netsuke est \u00e9crit avec deux caract\u00e8res (\u6839\u4ed8) qui signifient \u00abracine\u00bb et \u00abattach\u00e9\u00bb. Cette page donne les explications de base des Netsuk\u00e9 et comment ces d&#039;objets simples et pratiques ont \u00e9volu\u00e9 en superbes sculptures, appr\u00e9ci\u00e9es et collectionn\u00e9es de par le monde.\" \/>\n<meta property=\"og:url\" content=\"https:\/\/www.netsuke.com\/fr\/about\/netsuke\/\" \/>\n<meta property=\"og:site_name\" content=\"SAGEMONOYA\" \/>\n<meta property=\"article:modified_time\" content=\"2022-09-20T09:19:15+00:00\" \/>\n<meta property=\"og:image\" content=\"https:\/\/www.netsuke.com\/wp-content\/uploads\/2022\/03\/top-netsuke04.jpg\" \/>\n<meta name=\"twitter:card\" content=\"summary_large_image\" \/>\n<meta name=\"twitter:label1\" content=\"Dur\u00e9e de lecture estim\u00e9e\" \/>\n\t<meta name=\"twitter:data1\" content=\"6 minutes\" \/>\n<script type=\"application\/ld+json\" class=\"yoast-schema-graph\">{\"@context\":\"https:\/\/schema.org\",\"@graph\":[{\"@type\":\"WebPage\",\"@id\":\"https:\/\/www.netsuke.com\/fr\/about\/netsuke\/\",\"url\":\"https:\/\/www.netsuke.com\/fr\/about\/netsuke\/\",\"name\":\"Qu\u2019est-ce qu\u2019un Netsuk\u00e9\uff1f |\",\"isPartOf\":{\"@id\":\"https:\/\/www.netsuke.com\/#website\"},\"datePublished\":\"2022-09-16T08:16:20+00:00\",\"dateModified\":\"2022-09-20T09:19:15+00:00\",\"description\":\"En japonais le mot Netsuke est \u00e9crit avec deux caract\u00e8res (\u6839\u4ed8) qui signifient \u00abracine\u00bb et \u00abattach\u00e9\u00bb. Cette page donne les explications de base des Netsuk\u00e9 et comment ces d'objets simples et pratiques ont \u00e9volu\u00e9 en superbes sculptures, appr\u00e9ci\u00e9es et collectionn\u00e9es de par le monde.\",\"breadcrumb\":{\"@id\":\"https:\/\/www.netsuke.com\/fr\/about\/netsuke\/#breadcrumb\"},\"inLanguage\":\"fr-FR\",\"potentialAction\":[{\"@type\":\"ReadAction\",\"target\":[\"https:\/\/www.netsuke.com\/fr\/about\/netsuke\/\"]}]},{\"@type\":\"BreadcrumbList\",\"@id\":\"https:\/\/www.netsuke.com\/fr\/about\/netsuke\/#breadcrumb\",\"itemListElement\":[{\"@type\":\"ListItem\",\"position\":1,\"name\":\"\u30db\u30fc\u30e0\",\"item\":\"https:\/\/www.netsuke.com\/fr\/\"},{\"@type\":\"ListItem\",\"position\":2,\"name\":\"About SAGEMONOYA\uff08\u30d5\u30e9\u30f3\u30b9\u8a9e\uff09\",\"item\":\"https:\/\/www.netsuke.com\/fr\/about\/\"},{\"@type\":\"ListItem\",\"position\":3,\"name\":\"What are Netsuke ?\uff08\u30d5\u30e9\u30f3\u30b9\u8a9e\uff09\"}]},{\"@type\":\"WebSite\",\"@id\":\"https:\/\/www.netsuke.com\/#website\",\"url\":\"https:\/\/www.netsuke.com\/\",\"name\":\"SAGEMONOYA\",\"description\":\"SAGEMONOYA is the only shop in Japan specializing in antique Netsuke and Sagemono.\",\"publisher\":{\"@id\":\"https:\/\/www.netsuke.com\/#organization\"},\"potentialAction\":[{\"@type\":\"SearchAction\",\"target\":{\"@type\":\"EntryPoint\",\"urlTemplate\":\"https:\/\/www.netsuke.com\/?s={search_term_string}\"},\"query-input\":\"required name=search_term_string\"}],\"inLanguage\":\"fr-FR\"},{\"@type\":\"Organization\",\"@id\":\"https:\/\/www.netsuke.com\/#organization\",\"name\":\"\u30e4\u30d0\u30cd\u682a\u5f0f\u4f1a\u793e\",\"url\":\"https:\/\/www.netsuke.com\/\",\"logo\":{\"@type\":\"ImageObject\",\"inLanguage\":\"fr-FR\",\"@id\":\"https:\/\/www.netsuke.com\/#\/schema\/logo\/image\/\",\"url\":\"https:\/\/www.netsuke.com\/wp-content\/uploads\/2022\/05\/logo-scaled.jpg\",\"contentUrl\":\"https:\/\/www.netsuke.com\/wp-content\/uploads\/2022\/05\/logo-scaled.jpg\",\"width\":2560,\"height\":1043,\"caption\":\"\u30e4\u30d0\u30cd\u682a\u5f0f\u4f1a\u793e\"},\"image\":{\"@id\":\"https:\/\/www.netsuke.com\/#\/schema\/logo\/image\/\"}}]}<\/script>\n<!-- \/ Yoast SEO plugin. -->","yoast_head_json":{"title":"Qu\u2019est-ce qu\u2019un Netsuk\u00e9\uff1f |","description":"En japonais le mot Netsuke est \u00e9crit avec deux caract\u00e8res (\u6839\u4ed8) qui signifient \u00abracine\u00bb et \u00abattach\u00e9\u00bb. Cette page donne les explications de base des Netsuk\u00e9 et comment ces d'objets simples et pratiques ont \u00e9volu\u00e9 en superbes sculptures, appr\u00e9ci\u00e9es et collectionn\u00e9es de par le monde.","robots":{"index":"index","follow":"follow","max-snippet":"max-snippet:-1","max-image-preview":"max-image-preview:large","max-video-preview":"max-video-preview:-1"},"canonical":"https:\/\/www.netsuke.com\/fr\/about\/netsuke\/","og_locale":"fr_FR","og_type":"article","og_title":"Qu\u2019est-ce qu\u2019un Netsuk\u00e9\uff1f |","og_description":"En japonais le mot Netsuke est \u00e9crit avec deux caract\u00e8res (\u6839\u4ed8) qui signifient \u00abracine\u00bb et \u00abattach\u00e9\u00bb. Cette page donne les explications de base des Netsuk\u00e9 et comment ces d'objets simples et pratiques ont \u00e9volu\u00e9 en superbes sculptures, appr\u00e9ci\u00e9es et collectionn\u00e9es de par le monde.","og_url":"https:\/\/www.netsuke.com\/fr\/about\/netsuke\/","og_site_name":"SAGEMONOYA","article_modified_time":"2022-09-20T09:19:15+00:00","og_image":[{"url":"https:\/\/www.netsuke.com\/wp-content\/uploads\/2022\/03\/top-netsuke04.jpg"}],"twitter_card":"summary_large_image","twitter_misc":{"Dur\u00e9e de lecture estim\u00e9e":"6 minutes"},"schema":{"@context":"https:\/\/schema.org","@graph":[{"@type":"WebPage","@id":"https:\/\/www.netsuke.com\/fr\/about\/netsuke\/","url":"https:\/\/www.netsuke.com\/fr\/about\/netsuke\/","name":"Qu\u2019est-ce qu\u2019un Netsuk\u00e9\uff1f |","isPartOf":{"@id":"https:\/\/www.netsuke.com\/#website"},"datePublished":"2022-09-16T08:16:20+00:00","dateModified":"2022-09-20T09:19:15+00:00","description":"En japonais le mot Netsuke est \u00e9crit avec deux caract\u00e8res (\u6839\u4ed8) qui signifient \u00abracine\u00bb et \u00abattach\u00e9\u00bb. Cette page donne les explications de base des Netsuk\u00e9 et comment ces d'objets simples et pratiques ont \u00e9volu\u00e9 en superbes sculptures, appr\u00e9ci\u00e9es et collectionn\u00e9es de par le monde.","breadcrumb":{"@id":"https:\/\/www.netsuke.com\/fr\/about\/netsuke\/#breadcrumb"},"inLanguage":"fr-FR","potentialAction":[{"@type":"ReadAction","target":["https:\/\/www.netsuke.com\/fr\/about\/netsuke\/"]}]},{"@type":"BreadcrumbList","@id":"https:\/\/www.netsuke.com\/fr\/about\/netsuke\/#breadcrumb","itemListElement":[{"@type":"ListItem","position":1,"name":"\u30db\u30fc\u30e0","item":"https:\/\/www.netsuke.com\/fr\/"},{"@type":"ListItem","position":2,"name":"About SAGEMONOYA\uff08\u30d5\u30e9\u30f3\u30b9\u8a9e\uff09","item":"https:\/\/www.netsuke.com\/fr\/about\/"},{"@type":"ListItem","position":3,"name":"What are Netsuke ?\uff08\u30d5\u30e9\u30f3\u30b9\u8a9e\uff09"}]},{"@type":"WebSite","@id":"https:\/\/www.netsuke.com\/#website","url":"https:\/\/www.netsuke.com\/","name":"SAGEMONOYA","description":"SAGEMONOYA is the only shop in Japan specializing in antique Netsuke and Sagemono.","publisher":{"@id":"https:\/\/www.netsuke.com\/#organization"},"potentialAction":[{"@type":"SearchAction","target":{"@type":"EntryPoint","urlTemplate":"https:\/\/www.netsuke.com\/?s={search_term_string}"},"query-input":"required name=search_term_string"}],"inLanguage":"fr-FR"},{"@type":"Organization","@id":"https:\/\/www.netsuke.com\/#organization","name":"\u30e4\u30d0\u30cd\u682a\u5f0f\u4f1a\u793e","url":"https:\/\/www.netsuke.com\/","logo":{"@type":"ImageObject","inLanguage":"fr-FR","@id":"https:\/\/www.netsuke.com\/#\/schema\/logo\/image\/","url":"https:\/\/www.netsuke.com\/wp-content\/uploads\/2022\/05\/logo-scaled.jpg","contentUrl":"https:\/\/www.netsuke.com\/wp-content\/uploads\/2022\/05\/logo-scaled.jpg","width":2560,"height":1043,"caption":"\u30e4\u30d0\u30cd\u682a\u5f0f\u4f1a\u793e"},"image":{"@id":"https:\/\/www.netsuke.com\/#\/schema\/logo\/image\/"}}]}},"_links":{"self":[{"href":"https:\/\/www.netsuke.com\/wp-json\/wp\/v2\/pages\/3852","targetHints":{"allow":["GET"]}}],"collection":[{"href":"https:\/\/www.netsuke.com\/wp-json\/wp\/v2\/pages"}],"about":[{"href":"https:\/\/www.netsuke.com\/wp-json\/wp\/v2\/types\/page"}],"author":[{"embeddable":true,"href":"https:\/\/www.netsuke.com\/wp-json\/wp\/v2\/users\/2"}],"replies":[{"embeddable":true,"href":"https:\/\/www.netsuke.com\/wp-json\/wp\/v2\/comments?post=3852"}],"version-history":[{"count":5,"href":"https:\/\/www.netsuke.com\/wp-json\/wp\/v2\/pages\/3852\/revisions"}],"predecessor-version":[{"id":3960,"href":"https:\/\/www.netsuke.com\/wp-json\/wp\/v2\/pages\/3852\/revisions\/3960"}],"up":[{"embeddable":true,"href":"https:\/\/www.netsuke.com\/wp-json\/wp\/v2\/pages\/2484"}],"wp:attachment":[{"href":"https:\/\/www.netsuke.com\/wp-json\/wp\/v2\/media?parent=3852"}],"curies":[{"name":"wp","href":"https:\/\/api.w.org\/{rel}","templated":true}]}}