{"id":3846,"date":"2022-09-16T16:53:19","date_gmt":"2022-09-16T07:53:19","guid":{"rendered":"https:\/\/www.netsuke.com\/?page_id=3846"},"modified":"2022-09-20T18:03:54","modified_gmt":"2022-09-20T09:03:54","slug":"privacy","status":"publish","type":"page","link":"https:\/\/www.netsuke.com\/fr\/company\/privacy\/","title":{"rendered":"Privacy Policy\uff08\u30d5\u30e9\u30f3\u30b9\u8a9e\uff09"},"content":{"rendered":"<p><!-- \u30b3\u30f3\u30c6\u30f3\u30c4 --><\/p>\n<div class=\"con_h\">\n<p class=\"pankuzu\"><a href=\"\/fr\/\" class=\"home\" >TOP<\/a> &gt; <a href=\"\/fr\/company\/\" class=\"home\" >Compagnie<\/a> &gt; Politique de confidentialit\u00e9<\/p>\n<\/div>\n<p><!-- Breadcrumb NavXT 7.0.2 --><\/p>\n<div class=\"con_in\">\n<section>\n<div class=\"tC pb30\">\n<h2 class=\"tistyle1\">Politique de confidentialit\u00e9<\/h2>\n<\/p><\/div>\n<p>SAGEMONOYA (ci-apr\u00e8s d\u00e9nomm\u00e9e \u00ab\u00a0notre soci\u00e9t\u00e9\u00a0\u00bb) a la politique de confidentialit\u00e9 suivante concernant le traitement des informations personnelles de l&rsquo;utilisateur dans le cadre du service fourni sur ce site Web (ci-apr\u00e8s d\u00e9nomm\u00e9 \u00ab\u00a0ce service\u00a0\u00bb). Ci-apr\u00e8s d\u00e9nomm\u00e9e \u00ab\u00a0la pr\u00e9sente politique\u00a0\u00bb).<\/p>\n<p><\/p>\n<h3 class=\"tistyle3\">Article 1 (Personal information)<\/h3>\n<p>\u00a0\u00bb Les informations personnelles \u00a0\u00bb d\u00e9signent les \u00a0\u00bb renseignements personnels \u00a0\u00bb tels que d\u00e9finis dans la loi sur la protection des renseignements personnels, et sont des informations sur des personnes vivantes, telles que le nom, la date de naissance, l&rsquo;adresse, le num\u00e9ro de t\u00e9l\u00e9phone, les coordonn\u00e9es, etc. contenues dans les informations. Les informations qui permettent d&rsquo;identifier un individu sp\u00e9cifique par la description de &#8230;.<\/p>\n<p><\/p>\n<h3 class=\"tistyle3\">Article 2 (Comment collecter les informations personnelles)<\/h3>\n<p>Nous pouvons demander des informations personnelles telles que le nom, la date de naissance, l&rsquo;adresse, le num\u00e9ro de t\u00e9l\u00e9phone, l&rsquo;adresse e-mail, le num\u00e9ro de compte bancaire, le num\u00e9ro de carte de cr\u00e9dit, le num\u00e9ro de permis de conduire lorsque l&rsquo;utilisateur s&rsquo;inscrit pour l&rsquo;utilisation. En outre, les informations relatives aux enregistrements des transactions et aux paiements effectu\u00e9s entre les utilisateurs et les partenaires commerciaux, y compris les informations personnelles des utilisateurs, incluent nos partenaires commerciaux (fournisseurs d&rsquo;informations, annonceurs, destinations de distribution de publicit\u00e9s, etc.)<\/p>\n<p><\/p>\n<h3 class=\"tistyle3\">Article 3 (Finalit\u00e9 de la collecte et de l&rsquo;utilisation des informations personnelles)<\/h3>\n<p>Les objectifs pour lesquels nous collectons et utilisons les informations personnelles sont les suivants.<\/p>\n<p><\/p>\n<p>1. fournir et exploiter nos services<br \/>\n\t\t2. r\u00e9pondre aux demandes de renseignements des utilisateurs (y compris la v\u00e9rification de l&rsquo;identit\u00e9)<br \/>\n\t\t3. envoyer des courriers \u00e9lectroniques sur les nouvelles fonctionnalit\u00e9s, les mises \u00e0 jour, les campagnes, etc. du service que l&rsquo;utilisateur utilise et d&rsquo;autres services fournis par la soci\u00e9t\u00e9.<br \/>\n\t\t4. pour la maintenance, les avis importants, etc. pour vous contacter si n\u00e9cessaire<br \/>\n\t\t5. identifier les utilisateurs qui violent les conditions d&rsquo;utilisation ou qui ont l&rsquo;intention d&rsquo;utiliser le service \u00e0 des fins frauduleuses ou d\u00e9raisonnables, et refuser d&rsquo;utiliser le service.<br \/>\n\t\t6. permettre aux utilisateurs d&rsquo;afficher, de modifier, de supprimer et de consulter l&rsquo;\u00e9tat d&rsquo;utilisation de leurs informations enregistr\u00e9es.<br \/>\n\t\t7. facturer \u00e0 l&rsquo;utilisateur des frais d&rsquo;utilisation pour un service payant.<br \/>\n\t\t8. l&rsquo;objectif accessoire \u00e0 l&rsquo;objectif d&rsquo;utilisation ci-dessus.\n\t\t<\/p>\n<p><\/p>\n<h3 class=\"tistyle3\">Article 4 (Changement d&rsquo;objectif d&rsquo;utilisation)<\/h3>\n<p>\n\t\t1.La Compagnie ne changera la finalit\u00e9 de l&rsquo;utilisation des informations personnelles que lorsqu&rsquo;il est raisonnablement reconnu que la finalit\u00e9 de l&rsquo;utilisation est li\u00e9e \u00e0 celle d&rsquo;avant le changement.<br \/>\n\t\t2.Si la finalit\u00e9 de l&rsquo;utilisation est modifi\u00e9e, la nouvelle finalit\u00e9 sera notifi\u00e9e \u00e0 l&rsquo;utilisateur ou annonc\u00e9e sur ce site web selon la m\u00e9thode prescrite par la Soci\u00e9t\u00e9.\n\t\t<\/p>\n<p><\/p>\n<h3 class=\"tistyle3\">Article 5 (Fourniture d&rsquo;informations personnelles \u00e0 un tiers)<\/h3>\n<p>\n\t\t1.We will not provide personal information to a third party without the prior consent of the user, except in the following cases.\u00a0However, this does not apply when permitted by the Personal Information Protection Law and other laws and regulations.<\/p>\n<p>\t\t\u30001.Lorsqu&rsquo;il est n\u00e9cessaire de prot\u00e9ger la vie, le corps ou les biens d&rsquo;une personne et qu&rsquo;il est difficile d&rsquo;obtenir le consentement de cette derni\u00e8re.<br \/>\n\t\t\u30002.Lorsqu&rsquo;il est particuli\u00e8rement n\u00e9cessaire d&rsquo;am\u00e9liorer la sant\u00e9 publique ou de promouvoir le bon d\u00e9veloppement des enfants, et qu&rsquo;il est difficile d&rsquo;obtenir le consentement de la personne.<br \/>\n\t\t\u30003.Lorsqu&rsquo;il est n\u00e9cessaire qu&rsquo;une institution nationale ou un organisme public local ou une personne qui en est charg\u00e9e coop\u00e8re \u00e0 l&rsquo;ex\u00e9cution des affaires pr\u00e9vues par la loi, l&rsquo;obtention du consentement de la personne entravera l&rsquo;ex\u00e9cution des affaires. Lorsqu&rsquo;il y a un risque d&rsquo;exercer<br \/>\n\t\t\u30004.Lorsque les questions suivantes ont \u00e9t\u00e9 annonc\u00e9es ou annonc\u00e9es \u00e0 l&rsquo;avance, et que la soci\u00e9t\u00e9 a inform\u00e9 la Commission de protection des renseignements personnels.<\/p>\n<p>\t\t\u3000\u30001.Y compris la fourniture \u00e0 un tiers aux fins d&rsquo;utilisation.<br \/>\n\t\t\u3000\u30002.\u00c9l\u00e9ments de donn\u00e9es fournis \u00e0 des tiers<br \/>\n\t\t\u3000\u30003.Moyens ou m\u00e9thode de fourniture \u00e0 un tiers<br \/>\n\t\t\u3000\u30004.Arr\u00eater de fournir des informations personnelles \u00e0 des tiers \u00e0 la demande de la personne.<br \/>\n\t\t\u3000\u30005.Comment accepter la demande de la personne<\/p>\n<p>\t\t2.Nonobstant les dispositions du paragraphe pr\u00e9c\u00e9dent, dans les cas suivants, les informations sont fournies \u00e0 un tiers.<\/p>\n<p>\t\t\u3000\u30001.Lorsque nous externalisons tout ou partie du traitement des informations personnelles dans la mesure o\u00f9 cela est n\u00e9cessaire pour atteindre l&rsquo;objectif de l&rsquo;utilisation.<br \/>\n\t\t\u3000\u30002.Lorsque les informations personnelles sont fournies en raison d&rsquo;une succession d&rsquo;entreprise due \u00e0 une fusion ou \u00e0 d&rsquo;autres raisons.<br \/>\n\t\t\u3000\u30003.Lorsque les informations personnelles sont partag\u00e9es avec une personne sp\u00e9cifique, le fait, les \u00e9l\u00e9ments d&rsquo;informations personnelles utilis\u00e9s conjointement, l&rsquo;\u00e9ventail des personnes qui les utilisent conjointement, le but de l&rsquo;utilisation de la personne qui les utilise, etc. Lorsque la personne est inform\u00e9e \u00e0 l&rsquo;avance du nom ou du nom de la personne qui est responsable de la gestion des informations personnelles, ou lorsque la personne est plac\u00e9e dans un \u00e9tat o\u00f9 elle peut facilement le savoir.<\/p>\n<p><\/p>\n<h3 class=\"tistyle3\">Article 6 (Divulgation d&rsquo;informations personnelles)<\/h3>\n<p>\n\t\t1.Lorsque la personne nous demande de divulguer des renseignements personnels, nous les lui communiquons sans d\u00e9lai.\u00a0Toutefois, si la divulgation rel\u00e8ve de l&rsquo;un des cas suivants, nous pouvons ne pas divulguer tout ou partie des informations, et si nous d\u00e9cidons de ne pas les divulguer, nous vous en informerons sans d\u00e9lai.\u00a0Des frais de 1 000 yens seront factur\u00e9s pour chaque divulgation d&rsquo;informations personnelles.<\/p>\n<p>\t\t\u30001.lorsqu&rsquo;il existe un risque d&rsquo;atteinte \u00e0 la vie, \u00e0 l&rsquo;int\u00e9grit\u00e9 physique, \u00e0 la propri\u00e9t\u00e9 ou \u00e0 d&rsquo;autres droits et int\u00e9r\u00eats de la personne ou d&rsquo;un tiers.<br \/>\n\t\t\u30002.lorsqu&rsquo;il existe un risque d&rsquo;entrave significative \u00e0 la bonne ex\u00e9cution de nos activit\u00e9s.<br \/>\n\t\t\u30003.Lorsqu&rsquo;il viole d&rsquo;autres lois et r\u00e8glements<\/p>\n<p>\t\t2.Nonobstant les dispositions du paragraphe pr\u00e9c\u00e9dent, en principe, nous ne divulguerons pas d&rsquo;informations autres que des informations personnelles, telles que des informations sur l&rsquo;historique et les caract\u00e9ristiques.\n\t\t<\/p>\n<p><\/p>\n<h3 class=\"tistyle3\">Article 7 (Correction et suppression des informations personnelles)<\/h3>\n<p>\n\t\t1.Si les informations personnelles de l&rsquo;utilisateur d\u00e9tenues par la Soci\u00e9t\u00e9 sont incorrectes, l&rsquo;utilisateur doit corriger, ajouter ou supprimer les informations personnelles \u00e0 la Soci\u00e9t\u00e9 selon la proc\u00e9dure sp\u00e9cifi\u00e9e par la Soci\u00e9t\u00e9 (ci-apr\u00e8s d\u00e9nomm\u00e9e \u00ab\u00a0correction, etc.\u00a0\u00bb)Peut \u00eatre demand\u00e9.<br \/>\n\t\t2.Si nous recevons la demande \u00e9nonc\u00e9e au paragraphe pr\u00e9c\u00e9dent de la part de l&rsquo;utilisateur et que nous d\u00e9terminons qu&rsquo;il est n\u00e9cessaire de r\u00e9pondre \u00e0 la demande, nous corrigerons les informations personnelles sans d\u00e9lai.<br \/>\n\t\t3.La Soci\u00e9t\u00e9 informera l&rsquo;utilisateur sans d\u00e9lai lorsqu&rsquo;elle effectuera une correction, etc. sur la base des dispositions du paragraphe pr\u00e9c\u00e9dent, ou lorsqu&rsquo;elle d\u00e9cidera de ne pas effectuer de correction, etc.<\/p>\n<p><\/p>\n<h3 class=\"tistyle3\">Article 8 (suspension de l&rsquo;utilisation des informations personnelles, etc.)<\/h3>\n<p>\n\t\t1.La Soci\u00e9t\u00e9 suspend ou supprime l&rsquo;utilisation des informations personnelles de la personne parce que les informations personnelles sont trait\u00e9es au-del\u00e0 de l&rsquo;objectif d&rsquo;utilisation ou parce qu&rsquo;elles ont \u00e9t\u00e9 obtenues par des moyens frauduleux (ci-apr\u00e8s, \u00ab\u00a0utilisation\u00a0\u00bb). Si l&rsquo;on vous demande de cesser, etc.), nous effectuerons sans d\u00e9lai l&rsquo;enqu\u00eate n\u00e9cessaire.<br \/>\n\t\t2.Si nous d\u00e9terminons qu&rsquo;il est n\u00e9cessaire de r\u00e9pondre \u00e0 la demande sur la base des r\u00e9sultats de l&rsquo;enqu\u00eate du paragraphe pr\u00e9c\u00e9dent, nous suspendrons sans d\u00e9lai l&rsquo;utilisation des informations personnelles.<br \/>\n\t\t3.Si nous suspendons l&rsquo;utilisation, etc. sur la base des dispositions du paragraphe pr\u00e9c\u00e9dent, ou si nous d\u00e9cidons de ne pas suspendre l&rsquo;utilisation, nous en informerons l&rsquo;utilisateur sans d\u00e9lai.<br \/>\n\t\t4.Nonobstant les deux paragraphes pr\u00e9c\u00e9dents, si le co\u00fbt de la suspension de l&rsquo;utilisation, etc. est \u00e9lev\u00e9, ou s&rsquo;il est difficile de suspendre l&rsquo;utilisation, etc. Si tel est le cas, cette alternative sera prise.<\/p>\n<p><\/p>\n<h3 class=\"tistyle3\">Article 9 (Modification de la politique de confidentialit\u00e9)<\/h3>\n<p>\n\t\t1.Le contenu de cette politique peut \u00eatre modifi\u00e9 sans en informer l&rsquo;utilisateur, \u00e0 l&rsquo;exception des lois et r\u00e8glements et d&rsquo;autres questions sp\u00e9cifi\u00e9es autrement dans cette politique.<br \/>\n\t\t2.Sauf indication contraire de la soci\u00e9t\u00e9, la politique de confidentialit\u00e9 modifi\u00e9e prend effet \u00e0 partir du moment o\u00f9 elle est publi\u00e9e sur ce site web.\n\t\t<\/p>\n<p><\/p>\n<h3 class=\"tistyle3\">Article 10 (Fen\u00eatre d&rsquo;enqu\u00eate)<\/h3>\n<p>Pour toute question concernant cette politique, veuillez contacter les personnes suivantes.<\/p>\n<p><\/p>\n<p>Adresse:Yotsuya 4-chome 28-20-704 Shinjuku-ku, Tokyo 160-0004 JAPAN<br \/>\n\t\tNom de la soci\u00e9t\u00e9:Yabane Co. Ltd.<br \/>\n\t\tAdresse \u00e9lectronique:info@sagemonoya.jp<\/p>\n<p><\/p>\n<p class=\"tR\">c&rsquo;est tout<\/p>\n<p>\n  <\/div>\n","protected":false},"excerpt":{"rendered":"<p>TOP &gt; Compagnie &gt; Politique de confidentialit\u00e9 Politique de confidentialit\u00e9 SAGEMONOYA (ci-apr\u00e8s d\u00e9nomm\u00e9e \u00ab\u00a0notre soci\u00e9t\u00e9\u00a0\u00bb) a la politique de confidentialit\u00e9 suivante concernant le traitement des informations personnelles de l&rsquo;utilisateur dans le cadre du service fourni sur ce site Web (ci-apr\u00e8s d\u00e9nomm\u00e9 \u00ab\u00a0ce service\u00a0\u00bb). Ci-apr\u00e8s d\u00e9nomm\u00e9e \u00ab\u00a0la pr\u00e9sente politique\u00a0\u00bb). Article 1 (Personal information) \u00a0\u00bb Les informations personnelles \u00a0\u00bb d\u00e9signent les \u00a0\u00bb renseignements personnels \u00a0\u00bb tels que d\u00e9finis dans la loi sur la protection des renseignements personnels, et sont des informations sur des personnes vivantes, telles que le nom, la date de naissance, l&rsquo;adresse, le num\u00e9ro de t\u00e9l\u00e9phone, les coordonn\u00e9es, etc. contenues dans les informations. Les informations qui permettent d&rsquo;identifier un individu [&hellip;]<\/p>\n","protected":false},"author":2,"featured_media":0,"parent":3835,"menu_order":0,"comment_status":"closed","ping_status":"closed","template":"","meta":{"_locale":"fr_FR","_original_post":"https:\/\/www.netsuke.com\/?page_id=113","footnotes":""},"class_list":["post-3846","page","type-page","status-publish","hentry","fr-FR"],"yoast_head":"<!-- This site is optimized with the Yoast SEO plugin v19.9 - https:\/\/yoast.com\/wordpress\/plugins\/seo\/ -->\n<title>Privacy Policy\uff08\u30d5\u30e9\u30f3\u30b9\u8a9e\uff09 \uff5c<\/title>\n<meta name=\"robots\" content=\"index, follow, max-snippet:-1, max-image-preview:large, max-video-preview:-1\" \/>\n<link rel=\"canonical\" href=\"https:\/\/www.netsuke.com\/fr\/company\/privacy\/\" \/>\n<meta property=\"og:locale\" content=\"fr_FR\" \/>\n<meta property=\"og:type\" content=\"article\" \/>\n<meta property=\"og:title\" content=\"Privacy Policy\uff08\u30d5\u30e9\u30f3\u30b9\u8a9e\uff09 \uff5c\" \/>\n<meta property=\"og:description\" content=\"TOP &gt; Compagnie &gt; Politique de confidentialit\u00e9 Politique de confidentialit\u00e9 SAGEMONOYA (ci-apr\u00e8s d\u00e9nomm\u00e9e \u00ab\u00a0notre soci\u00e9t\u00e9\u00a0\u00bb) a la politique de confidentialit\u00e9 suivante concernant le traitement des informations personnelles de l&rsquo;utilisateur dans le cadre du service fourni sur ce site Web (ci-apr\u00e8s d\u00e9nomm\u00e9 \u00ab\u00a0ce service\u00a0\u00bb). Ci-apr\u00e8s d\u00e9nomm\u00e9e \u00ab\u00a0la pr\u00e9sente politique\u00a0\u00bb). Article 1 (Personal information) \u00a0\u00bb Les informations personnelles \u00a0\u00bb d\u00e9signent les \u00a0\u00bb renseignements personnels \u00a0\u00bb tels que d\u00e9finis dans la loi sur la protection des renseignements personnels, et sont des informations sur des personnes vivantes, telles que le nom, la date de naissance, l&rsquo;adresse, le num\u00e9ro de t\u00e9l\u00e9phone, les coordonn\u00e9es, etc. contenues dans les informations. Les informations qui permettent d&rsquo;identifier un individu [&hellip;]\" \/>\n<meta property=\"og:url\" content=\"https:\/\/www.netsuke.com\/fr\/company\/privacy\/\" \/>\n<meta property=\"og:site_name\" content=\"SAGEMONOYA\" \/>\n<meta property=\"article:modified_time\" content=\"2022-09-20T09:03:54+00:00\" \/>\n<meta name=\"twitter:card\" content=\"summary_large_image\" \/>\n<meta name=\"twitter:label1\" content=\"Dur\u00e9e de lecture estim\u00e9e\" \/>\n\t<meta name=\"twitter:data1\" content=\"7 minutes\" \/>\n<script type=\"application\/ld+json\" class=\"yoast-schema-graph\">{\"@context\":\"https:\/\/schema.org\",\"@graph\":[{\"@type\":\"WebPage\",\"@id\":\"https:\/\/www.netsuke.com\/fr\/company\/privacy\/\",\"url\":\"https:\/\/www.netsuke.com\/fr\/company\/privacy\/\",\"name\":\"Privacy Policy\uff08\u30d5\u30e9\u30f3\u30b9\u8a9e\uff09 \uff5c\",\"isPartOf\":{\"@id\":\"https:\/\/www.netsuke.com\/#website\"},\"datePublished\":\"2022-09-16T07:53:19+00:00\",\"dateModified\":\"2022-09-20T09:03:54+00:00\",\"breadcrumb\":{\"@id\":\"https:\/\/www.netsuke.com\/fr\/company\/privacy\/#breadcrumb\"},\"inLanguage\":\"fr-FR\",\"potentialAction\":[{\"@type\":\"ReadAction\",\"target\":[\"https:\/\/www.netsuke.com\/fr\/company\/privacy\/\"]}]},{\"@type\":\"BreadcrumbList\",\"@id\":\"https:\/\/www.netsuke.com\/fr\/company\/privacy\/#breadcrumb\",\"itemListElement\":[{\"@type\":\"ListItem\",\"position\":1,\"name\":\"\u30db\u30fc\u30e0\",\"item\":\"https:\/\/www.netsuke.com\/fr\/\"},{\"@type\":\"ListItem\",\"position\":2,\"name\":\"Company\uff08\u30d5\u30e9\u30f3\u30b9\u8a9e\uff09\",\"item\":\"https:\/\/www.netsuke.com\/fr\/company\/\"},{\"@type\":\"ListItem\",\"position\":3,\"name\":\"Privacy Policy\uff08\u30d5\u30e9\u30f3\u30b9\u8a9e\uff09\"}]},{\"@type\":\"WebSite\",\"@id\":\"https:\/\/www.netsuke.com\/#website\",\"url\":\"https:\/\/www.netsuke.com\/\",\"name\":\"SAGEMONOYA\",\"description\":\"SAGEMONOYA is the only shop in Japan specializing in antique Netsuke and Sagemono.\",\"publisher\":{\"@id\":\"https:\/\/www.netsuke.com\/#organization\"},\"potentialAction\":[{\"@type\":\"SearchAction\",\"target\":{\"@type\":\"EntryPoint\",\"urlTemplate\":\"https:\/\/www.netsuke.com\/?s={search_term_string}\"},\"query-input\":\"required name=search_term_string\"}],\"inLanguage\":\"fr-FR\"},{\"@type\":\"Organization\",\"@id\":\"https:\/\/www.netsuke.com\/#organization\",\"name\":\"\u30e4\u30d0\u30cd\u682a\u5f0f\u4f1a\u793e\",\"url\":\"https:\/\/www.netsuke.com\/\",\"logo\":{\"@type\":\"ImageObject\",\"inLanguage\":\"fr-FR\",\"@id\":\"https:\/\/www.netsuke.com\/#\/schema\/logo\/image\/\",\"url\":\"https:\/\/www.netsuke.com\/wp-content\/uploads\/2022\/05\/logo-scaled.jpg\",\"contentUrl\":\"https:\/\/www.netsuke.com\/wp-content\/uploads\/2022\/05\/logo-scaled.jpg\",\"width\":2560,\"height\":1043,\"caption\":\"\u30e4\u30d0\u30cd\u682a\u5f0f\u4f1a\u793e\"},\"image\":{\"@id\":\"https:\/\/www.netsuke.com\/#\/schema\/logo\/image\/\"}}]}<\/script>\n<!-- \/ Yoast SEO plugin. -->","yoast_head_json":{"title":"Privacy Policy\uff08\u30d5\u30e9\u30f3\u30b9\u8a9e\uff09 \uff5c","robots":{"index":"index","follow":"follow","max-snippet":"max-snippet:-1","max-image-preview":"max-image-preview:large","max-video-preview":"max-video-preview:-1"},"canonical":"https:\/\/www.netsuke.com\/fr\/company\/privacy\/","og_locale":"fr_FR","og_type":"article","og_title":"Privacy Policy\uff08\u30d5\u30e9\u30f3\u30b9\u8a9e\uff09 \uff5c","og_description":"TOP &gt; Compagnie &gt; Politique de confidentialit\u00e9 Politique de confidentialit\u00e9 SAGEMONOYA (ci-apr\u00e8s d\u00e9nomm\u00e9e \u00ab\u00a0notre soci\u00e9t\u00e9\u00a0\u00bb) a la politique de confidentialit\u00e9 suivante concernant le traitement des informations personnelles de l&rsquo;utilisateur dans le cadre du service fourni sur ce site Web (ci-apr\u00e8s d\u00e9nomm\u00e9 \u00ab\u00a0ce service\u00a0\u00bb). Ci-apr\u00e8s d\u00e9nomm\u00e9e \u00ab\u00a0la pr\u00e9sente politique\u00a0\u00bb). Article 1 (Personal information) \u00a0\u00bb Les informations personnelles \u00a0\u00bb d\u00e9signent les \u00a0\u00bb renseignements personnels \u00a0\u00bb tels que d\u00e9finis dans la loi sur la protection des renseignements personnels, et sont des informations sur des personnes vivantes, telles que le nom, la date de naissance, l&rsquo;adresse, le num\u00e9ro de t\u00e9l\u00e9phone, les coordonn\u00e9es, etc. contenues dans les informations. Les informations qui permettent d&rsquo;identifier un individu [&hellip;]","og_url":"https:\/\/www.netsuke.com\/fr\/company\/privacy\/","og_site_name":"SAGEMONOYA","article_modified_time":"2022-09-20T09:03:54+00:00","twitter_card":"summary_large_image","twitter_misc":{"Dur\u00e9e de lecture estim\u00e9e":"7 minutes"},"schema":{"@context":"https:\/\/schema.org","@graph":[{"@type":"WebPage","@id":"https:\/\/www.netsuke.com\/fr\/company\/privacy\/","url":"https:\/\/www.netsuke.com\/fr\/company\/privacy\/","name":"Privacy Policy\uff08\u30d5\u30e9\u30f3\u30b9\u8a9e\uff09 \uff5c","isPartOf":{"@id":"https:\/\/www.netsuke.com\/#website"},"datePublished":"2022-09-16T07:53:19+00:00","dateModified":"2022-09-20T09:03:54+00:00","breadcrumb":{"@id":"https:\/\/www.netsuke.com\/fr\/company\/privacy\/#breadcrumb"},"inLanguage":"fr-FR","potentialAction":[{"@type":"ReadAction","target":["https:\/\/www.netsuke.com\/fr\/company\/privacy\/"]}]},{"@type":"BreadcrumbList","@id":"https:\/\/www.netsuke.com\/fr\/company\/privacy\/#breadcrumb","itemListElement":[{"@type":"ListItem","position":1,"name":"\u30db\u30fc\u30e0","item":"https:\/\/www.netsuke.com\/fr\/"},{"@type":"ListItem","position":2,"name":"Company\uff08\u30d5\u30e9\u30f3\u30b9\u8a9e\uff09","item":"https:\/\/www.netsuke.com\/fr\/company\/"},{"@type":"ListItem","position":3,"name":"Privacy Policy\uff08\u30d5\u30e9\u30f3\u30b9\u8a9e\uff09"}]},{"@type":"WebSite","@id":"https:\/\/www.netsuke.com\/#website","url":"https:\/\/www.netsuke.com\/","name":"SAGEMONOYA","description":"SAGEMONOYA is the only shop in Japan specializing in antique Netsuke and Sagemono.","publisher":{"@id":"https:\/\/www.netsuke.com\/#organization"},"potentialAction":[{"@type":"SearchAction","target":{"@type":"EntryPoint","urlTemplate":"https:\/\/www.netsuke.com\/?s={search_term_string}"},"query-input":"required name=search_term_string"}],"inLanguage":"fr-FR"},{"@type":"Organization","@id":"https:\/\/www.netsuke.com\/#organization","name":"\u30e4\u30d0\u30cd\u682a\u5f0f\u4f1a\u793e","url":"https:\/\/www.netsuke.com\/","logo":{"@type":"ImageObject","inLanguage":"fr-FR","@id":"https:\/\/www.netsuke.com\/#\/schema\/logo\/image\/","url":"https:\/\/www.netsuke.com\/wp-content\/uploads\/2022\/05\/logo-scaled.jpg","contentUrl":"https:\/\/www.netsuke.com\/wp-content\/uploads\/2022\/05\/logo-scaled.jpg","width":2560,"height":1043,"caption":"\u30e4\u30d0\u30cd\u682a\u5f0f\u4f1a\u793e"},"image":{"@id":"https:\/\/www.netsuke.com\/#\/schema\/logo\/image\/"}}]}},"_links":{"self":[{"href":"https:\/\/www.netsuke.com\/wp-json\/wp\/v2\/pages\/3846","targetHints":{"allow":["GET"]}}],"collection":[{"href":"https:\/\/www.netsuke.com\/wp-json\/wp\/v2\/pages"}],"about":[{"href":"https:\/\/www.netsuke.com\/wp-json\/wp\/v2\/types\/page"}],"author":[{"embeddable":true,"href":"https:\/\/www.netsuke.com\/wp-json\/wp\/v2\/users\/2"}],"replies":[{"embeddable":true,"href":"https:\/\/www.netsuke.com\/wp-json\/wp\/v2\/comments?post=3846"}],"version-history":[{"count":2,"href":"https:\/\/www.netsuke.com\/wp-json\/wp\/v2\/pages\/3846\/revisions"}],"predecessor-version":[{"id":3934,"href":"https:\/\/www.netsuke.com\/wp-json\/wp\/v2\/pages\/3846\/revisions\/3934"}],"up":[{"embeddable":true,"href":"https:\/\/www.netsuke.com\/wp-json\/wp\/v2\/pages\/3835"}],"wp:attachment":[{"href":"https:\/\/www.netsuke.com\/wp-json\/wp\/v2\/media?parent=3846"}],"curies":[{"name":"wp","href":"https:\/\/api.w.org\/{rel}","templated":true}]}}