{"id":3481,"date":"2022-07-25T15:51:56","date_gmt":"2022-07-25T06:51:56","guid":{"rendered":"https:\/\/www.netsuke.com\/?page_id=3481"},"modified":"2024-05-21T17:31:43","modified_gmt":"2024-05-21T08:31:43","slug":"home","status":"publish","type":"page","link":"https:\/\/www.netsuke.com\/","title":{"rendered":"HOME"},"content":{"rendered":"<section class=\"kv\">\n<div class=\"swiper slider1\">\n<div class=\"swiper-wrapper\">\n<div class=\"swiper-slide\"><img decoding=\"async\" src=\"\/wp-content\/uploads\/2022\/03\/kv1.png\" alt=\"\"><\/div>\n<p>      <!--\n\n<div class=\"swiper-slide\"><img decoding=\"async\" src=\"\/wp-content\/themes\/theme1\/assets\/img\/top\/kv2.png\" alt=\"\"><\/div>\n\n\n      \n\n<div class=\"swiper-slide\"><img decoding=\"async\" src=\"\/wp-content\/themes\/theme1\/assets\/img\/top\/kv3.png\" alt=\"\"><\/div>\n\n-->\n    <\/div>\n<\/p><\/div>\n<div class=\"swiper-pagination\"><\/div>\n<\/section>\n<div class=\"con_in\">\n<section>\n<ul class=\"listbox\">\n<li>SAGEMONOYA est la seule galerie au Japon sp\u00e9cialis\u00e9e dans les Netsuke et Sagemono anciens (Ojime, Inro, Kiseruzutsu, Yatate, Tonkotsu, Bokuto et Obidome).<\/li>\n<li>Nous proposons \u00e9galement une s\u00e9lection d&rsquo;\u0153uvres d&rsquo;art contemporaines Netsuke et Shunga.<\/li>\n<li>Avec des prix \u00e0 partir de 200 US$, notre stock permanent se compose de plus de 600 articles.<\/li>\n<li>Heures d&rsquo;ouverture : Du mercredi au samedi (sauf jours f\u00e9ri\u00e9s) de 13h30 \u00e0 18h00, et sur rendez-vous.<\/li>\n<li>Veuillez cliquer sur les images ci-dessous pour voir une s\u00e9lection de certains articles disponibles. Nous serons heureux de vous proposer d&rsquo;autres articles sur demande.<\/li>\n<\/ul>\n<\/section>\n<section>\n<div class=\"top_nav\">\n\t        <a href=\"\/netsuke-categories\/\" class=\"top_nav_in\"><\/p>\n<div><img decoding=\"async\" src=\"\/wp-content\/uploads\/2023\/09\/top-menu-netsuke230905.jpg\" alt=\"\u6839\u4ed8\"><\/div>\n<p><span>Netsuke<\/span>\u6839\u4ed8<\/p>\n<p>\t        <\/a><br \/>\n\t        <a href=\"\/inro\/\" class=\"top_nav_in\"><\/p>\n<div><img decoding=\"async\" src=\"\/wp-content\/uploads\/2022\/06\/top-menu-inro.jpg\" alt=\"\u5370\u7c60\"><\/div>\n<p><span>Inro<\/span>\u5370\u7c60<\/p>\n<p>\t        <\/a><br \/>\n\t        <a href=\"\/sagemono-categories\/\" class=\"top_nav_in\"><\/p>\n<div><img decoding=\"async\" src=\"\/wp-content\/uploads\/2022\/03\/top-menu-sagemono.jpg\" alt=\"\u63d0\u7269\"><\/div>\n<p><span>Sagemono<\/span>\u63d0\u7269<\/p>\n<p>\t        <\/a><br \/>\n\t        <a href=\"https:\/\/shunganetsuke.com\/\" target=\"_blank\" class=\"top_nav_in\" rel=\"noopener\"><\/p>\n<div><img decoding=\"async\" src=\"\/wp-content\/uploads\/2022\/03\/top-menu-shunga.jpg\" alt=\"\u6625\u753b\"><\/div>\n<p><span>Shunga<\/span>\u6625\u753b<\/p>\n<p>\t        <\/a>\n\t      <\/div>\n<\/section>\n<section>\n<div class=\"top_sagemono\">\n<div><img decoding=\"async\" src=\"\/wp-content\/themes\/theme1\/assets\/img\/common\/logo.png\" alt=\"\u63d0\u7269\u5c4b\"><\/div>\n<ul class=\"top_sagemono_sns\">\n<li><a href=\"https:\/\/www.instagram.com\/sagemonoya\/\" target=\"_blank\" rel=\"noopener\"><img decoding=\"async\" src=\"\/wp-content\/themes\/theme1\/assets\/img\/common\/insta_ico.png\" alt=\"Instagram\"><\/a><\/li>\n<li><a href=\"https:\/\/www.pinterest.jp\/sagemonoya\/\" target=\"_blank\" rel=\"noopener\"><img decoding=\"async\" src=\"\/wp-content\/themes\/theme1\/assets\/img\/common\/pin_ico.png\" alt=\"Pinterest\"><\/a><\/li>\n<\/ul>\n<p>\t\u00a0 \u00a0 \u00a0 \u00a0 \u00a0 \u00a0 \u00a0<\/p>\n<p>4-28-20-704, Yotsuya, Shinjuku-ku,<br \/>Tokyo 160-0004, Japon<br \/>E-mail: <a href=\"mailto:info@sagemonoya.jp\">info@sagemonoya.jp<\/a><br \/>Tel +81(0)3 3352 6286<\/p>\n<\/p><\/div>\n<\/section>\n<section>\n<div class=\"top_shop\">\n\t        <!--\n\n<h2 class=\"tistyle1\">\"Nous n'aimons et ne vendons que des Netsuke et des Sagemono de qualit\u00e9.\"<\/h2>\n\n--><\/p>\n<div class=\"top_shop_in\">\n<div class=\"top_shop_in_in\">\n<div><img decoding=\"async\" src=\"\/wp-content\/themes\/theme1\/assets\/img\/top\/shop_thum1.png\" alt=\"\"><\/div>\n<\/p><\/div>\n<div class=\"top_shop_in_in\">\n<div><img decoding=\"async\" src=\"\/wp-content\/themes\/theme1\/assets\/img\/top\/shop_thum2.png\" alt=\"\"><\/div>\n<\/p><\/div>\n<div class=\"top_shop_in_in\">\n<div><img decoding=\"async\" src=\"\/wp-content\/themes\/theme1\/assets\/img\/top\/shop_thum3.png\" alt=\"\"><\/div>\n<\/p><\/div>\n<\/p><\/div>\n<p>\t        <!--\n\n<p><a href=\"\/test\/company\/terms\/\" class=\"astyle1\">Modalit\u00e9s et conditions d'utilisation du site Web<\/a><\/p>\n\n--><\/p>\n<p><a href=\"\/company\/access\/\"><u>\u25bc Cliquez ici pour nous trouver facilement <\/u><\/a><\/p>\n<p><\/p>\n<h2 class=\"lsize_txt\" style=\"color: #edcfaa; font-weight:bold;\" align=\"center\">&#8220;Nous n&rsquo;aimons et ne vendons que des Netsuke et des Sagemono de qualit\u00e9.&#8221;<\/h2>\n<\/p><\/div>\n<\/section>\n<\/div>\n","protected":false},"excerpt":{"rendered":"<p>SAGEMONOYA est la seule galerie au Japon sp\u00e9cialis\u00e9e dans les Netsuke et Sagemono anciens (Ojime, Inro, Kiseruzutsu, Yatate, Tonkotsu, Bokuto et Obidome). Nous proposons \u00e9galement une s\u00e9lection d&rsquo;\u0153uvres d&rsquo;art contemporaines Netsuke et Shunga. Avec des prix \u00e0 partir de 200 US$, notre stock permanent se compose de plus de 600 articles. Heures d&rsquo;ouverture : Du mercredi au samedi (sauf jours f\u00e9ri\u00e9s) de 13h30 \u00e0 18h00, et sur rendez-vous. Veuillez cliquer sur les images ci-dessous pour voir une s\u00e9lection de certains articles disponibles. Nous serons heureux de vous proposer d&rsquo;autres articles sur demande. Netsuke\u6839\u4ed8 Inro\u5370\u7c60 Sagemono\u63d0\u7269 Shunga\u6625\u753b \u00a0 \u00a0 \u00a0 \u00a0 \u00a0 \u00a0 \u00a0 4-28-20-704, Yotsuya, Shinjuku-ku,Tokyo 160-0004, JaponE-mail: info@sagemonoya.jpTel +81(0)3 [&hellip;]<\/p>\n","protected":false},"author":2,"featured_media":0,"parent":0,"menu_order":0,"comment_status":"closed","ping_status":"closed","template":"front-page.php","meta":{"_locale":"fr_FR","_original_post":"https:\/\/www.netsuke.com\/?page_id=3143","footnotes":""},"class_list":["post-3481","page","type-page","status-publish","hentry","fr-FR"],"yoast_head":"<!-- This site is optimized with the Yoast SEO plugin v19.9 - https:\/\/yoast.com\/wordpress\/plugins\/seo\/ -->\n<title>Netsuke,Inro,Sagemono SAGEMONOYA:accueil<\/title>\n<meta name=\"description\" content=\"La seule galerie au Japon sp\u00e9cialis\u00e9e depuis 1991 en Netsuk\u00e9 anciens, SAGEMONOYA \u00e0 Tokyo vend exclusivement des Netsuke japonais, Inro, Kiseruzutsu, Ojime, Yatate et Bokuto garantis authentiques. Avec plus de 500 pi\u00e8ces en stock, nous fournissons des collectionneurs et des mus\u00e9es dans le monde entier. Nous r\u00e9pondons aux demandes de renseignements en fran\u00e7ais, anglais, allemand, russe et japonais.\" \/>\n<meta name=\"robots\" content=\"index, follow, max-snippet:-1, max-image-preview:large, max-video-preview:-1\" \/>\n<link rel=\"canonical\" href=\"https:\/\/www.netsuke.com\/fr\/\" \/>\n<meta property=\"og:locale\" content=\"fr_FR\" \/>\n<meta property=\"og:type\" content=\"article\" \/>\n<meta property=\"og:title\" content=\"Netsuke,Inro,Sagemono SAGEMONOYA:accueil\" \/>\n<meta property=\"og:description\" content=\"La seule galerie au Japon sp\u00e9cialis\u00e9e depuis 1991 en Netsuk\u00e9 anciens, SAGEMONOYA \u00e0 Tokyo vend exclusivement des Netsuke japonais, Inro, Kiseruzutsu, Ojime, Yatate et Bokuto garantis authentiques. Avec plus de 500 pi\u00e8ces en stock, nous fournissons des collectionneurs et des mus\u00e9es dans le monde entier. Nous r\u00e9pondons aux demandes de renseignements en fran\u00e7ais, anglais, allemand, russe et japonais.\" \/>\n<meta property=\"og:url\" content=\"https:\/\/www.netsuke.com\/fr\/\" \/>\n<meta property=\"og:site_name\" content=\"SAGEMONOYA\" \/>\n<meta property=\"article:modified_time\" content=\"2024-05-21T08:31:43+00:00\" \/>\n<meta name=\"twitter:card\" content=\"summary_large_image\" \/>\n<meta name=\"twitter:label1\" content=\"Dur\u00e9e de lecture estim\u00e9e\" \/>\n\t<meta name=\"twitter:data1\" content=\"4 minutes\" \/>\n<script type=\"application\/ld+json\" class=\"yoast-schema-graph\">{\"@context\":\"https:\/\/schema.org\",\"@graph\":[{\"@type\":\"WebPage\",\"@id\":\"https:\/\/www.netsuke.com\/fr\/\",\"url\":\"https:\/\/www.netsuke.com\/fr\/\",\"name\":\"Netsuke,Inro,Sagemono SAGEMONOYA:accueil\",\"isPartOf\":{\"@id\":\"https:\/\/www.netsuke.com\/#website\"},\"datePublished\":\"2022-07-25T06:51:56+00:00\",\"dateModified\":\"2024-05-21T08:31:43+00:00\",\"description\":\"La seule galerie au Japon sp\u00e9cialis\u00e9e depuis 1991 en Netsuk\u00e9 anciens, SAGEMONOYA \u00e0 Tokyo vend exclusivement des Netsuke japonais, Inro, Kiseruzutsu, Ojime, Yatate et Bokuto garantis authentiques. Avec plus de 500 pi\u00e8ces en stock, nous fournissons des collectionneurs et des mus\u00e9es dans le monde entier. Nous r\u00e9pondons aux demandes de renseignements en fran\u00e7ais, anglais, allemand, russe et japonais.\",\"breadcrumb\":{\"@id\":\"https:\/\/www.netsuke.com\/fr\/#breadcrumb\"},\"inLanguage\":\"fr-FR\",\"potentialAction\":[{\"@type\":\"ReadAction\",\"target\":[\"https:\/\/www.netsuke.com\/fr\/\"]}]},{\"@type\":\"BreadcrumbList\",\"@id\":\"https:\/\/www.netsuke.com\/fr\/#breadcrumb\",\"itemListElement\":[{\"@type\":\"ListItem\",\"position\":1,\"name\":\"\u30db\u30fc\u30e0\",\"item\":\"https:\/\/www.netsuke.com\/fr\/\"},{\"@type\":\"ListItem\",\"position\":2,\"name\":\"HOME\"}]},{\"@type\":\"WebSite\",\"@id\":\"https:\/\/www.netsuke.com\/#website\",\"url\":\"https:\/\/www.netsuke.com\/\",\"name\":\"SAGEMONOYA\",\"description\":\"SAGEMONOYA is the only shop in Japan specializing in antique Netsuke and Sagemono.\",\"publisher\":{\"@id\":\"https:\/\/www.netsuke.com\/#organization\"},\"potentialAction\":[{\"@type\":\"SearchAction\",\"target\":{\"@type\":\"EntryPoint\",\"urlTemplate\":\"https:\/\/www.netsuke.com\/?s={search_term_string}\"},\"query-input\":\"required name=search_term_string\"}],\"inLanguage\":\"fr-FR\"},{\"@type\":\"Organization\",\"@id\":\"https:\/\/www.netsuke.com\/#organization\",\"name\":\"\u30e4\u30d0\u30cd\u682a\u5f0f\u4f1a\u793e\",\"url\":\"https:\/\/www.netsuke.com\/\",\"logo\":{\"@type\":\"ImageObject\",\"inLanguage\":\"fr-FR\",\"@id\":\"https:\/\/www.netsuke.com\/#\/schema\/logo\/image\/\",\"url\":\"https:\/\/www.netsuke.com\/wp-content\/uploads\/2022\/05\/logo-scaled.jpg\",\"contentUrl\":\"https:\/\/www.netsuke.com\/wp-content\/uploads\/2022\/05\/logo-scaled.jpg\",\"width\":2560,\"height\":1043,\"caption\":\"\u30e4\u30d0\u30cd\u682a\u5f0f\u4f1a\u793e\"},\"image\":{\"@id\":\"https:\/\/www.netsuke.com\/#\/schema\/logo\/image\/\"}}]}<\/script>\n<!-- \/ Yoast SEO plugin. -->","yoast_head_json":{"title":"Netsuke,Inro,Sagemono SAGEMONOYA:accueil","description":"La seule galerie au Japon sp\u00e9cialis\u00e9e depuis 1991 en Netsuk\u00e9 anciens, SAGEMONOYA \u00e0 Tokyo vend exclusivement des Netsuke japonais, Inro, Kiseruzutsu, Ojime, Yatate et Bokuto garantis authentiques. Avec plus de 500 pi\u00e8ces en stock, nous fournissons des collectionneurs et des mus\u00e9es dans le monde entier. Nous r\u00e9pondons aux demandes de renseignements en fran\u00e7ais, anglais, allemand, russe et japonais.","robots":{"index":"index","follow":"follow","max-snippet":"max-snippet:-1","max-image-preview":"max-image-preview:large","max-video-preview":"max-video-preview:-1"},"canonical":"https:\/\/www.netsuke.com\/fr\/","og_locale":"fr_FR","og_type":"article","og_title":"Netsuke,Inro,Sagemono SAGEMONOYA:accueil","og_description":"La seule galerie au Japon sp\u00e9cialis\u00e9e depuis 1991 en Netsuk\u00e9 anciens, SAGEMONOYA \u00e0 Tokyo vend exclusivement des Netsuke japonais, Inro, Kiseruzutsu, Ojime, Yatate et Bokuto garantis authentiques. Avec plus de 500 pi\u00e8ces en stock, nous fournissons des collectionneurs et des mus\u00e9es dans le monde entier. Nous r\u00e9pondons aux demandes de renseignements en fran\u00e7ais, anglais, allemand, russe et japonais.","og_url":"https:\/\/www.netsuke.com\/fr\/","og_site_name":"SAGEMONOYA","article_modified_time":"2024-05-21T08:31:43+00:00","twitter_card":"summary_large_image","twitter_misc":{"Dur\u00e9e de lecture estim\u00e9e":"4 minutes"},"schema":{"@context":"https:\/\/schema.org","@graph":[{"@type":"WebPage","@id":"https:\/\/www.netsuke.com\/fr\/","url":"https:\/\/www.netsuke.com\/fr\/","name":"Netsuke,Inro,Sagemono SAGEMONOYA:accueil","isPartOf":{"@id":"https:\/\/www.netsuke.com\/#website"},"datePublished":"2022-07-25T06:51:56+00:00","dateModified":"2024-05-21T08:31:43+00:00","description":"La seule galerie au Japon sp\u00e9cialis\u00e9e depuis 1991 en Netsuk\u00e9 anciens, SAGEMONOYA \u00e0 Tokyo vend exclusivement des Netsuke japonais, Inro, Kiseruzutsu, Ojime, Yatate et Bokuto garantis authentiques. Avec plus de 500 pi\u00e8ces en stock, nous fournissons des collectionneurs et des mus\u00e9es dans le monde entier. Nous r\u00e9pondons aux demandes de renseignements en fran\u00e7ais, anglais, allemand, russe et japonais.","breadcrumb":{"@id":"https:\/\/www.netsuke.com\/fr\/#breadcrumb"},"inLanguage":"fr-FR","potentialAction":[{"@type":"ReadAction","target":["https:\/\/www.netsuke.com\/fr\/"]}]},{"@type":"BreadcrumbList","@id":"https:\/\/www.netsuke.com\/fr\/#breadcrumb","itemListElement":[{"@type":"ListItem","position":1,"name":"\u30db\u30fc\u30e0","item":"https:\/\/www.netsuke.com\/fr\/"},{"@type":"ListItem","position":2,"name":"HOME"}]},{"@type":"WebSite","@id":"https:\/\/www.netsuke.com\/#website","url":"https:\/\/www.netsuke.com\/","name":"SAGEMONOYA","description":"SAGEMONOYA is the only shop in Japan specializing in antique Netsuke and Sagemono.","publisher":{"@id":"https:\/\/www.netsuke.com\/#organization"},"potentialAction":[{"@type":"SearchAction","target":{"@type":"EntryPoint","urlTemplate":"https:\/\/www.netsuke.com\/?s={search_term_string}"},"query-input":"required name=search_term_string"}],"inLanguage":"fr-FR"},{"@type":"Organization","@id":"https:\/\/www.netsuke.com\/#organization","name":"\u30e4\u30d0\u30cd\u682a\u5f0f\u4f1a\u793e","url":"https:\/\/www.netsuke.com\/","logo":{"@type":"ImageObject","inLanguage":"fr-FR","@id":"https:\/\/www.netsuke.com\/#\/schema\/logo\/image\/","url":"https:\/\/www.netsuke.com\/wp-content\/uploads\/2022\/05\/logo-scaled.jpg","contentUrl":"https:\/\/www.netsuke.com\/wp-content\/uploads\/2022\/05\/logo-scaled.jpg","width":2560,"height":1043,"caption":"\u30e4\u30d0\u30cd\u682a\u5f0f\u4f1a\u793e"},"image":{"@id":"https:\/\/www.netsuke.com\/#\/schema\/logo\/image\/"}}]}},"_links":{"self":[{"href":"https:\/\/www.netsuke.com\/wp-json\/wp\/v2\/pages\/3481","targetHints":{"allow":["GET"]}}],"collection":[{"href":"https:\/\/www.netsuke.com\/wp-json\/wp\/v2\/pages"}],"about":[{"href":"https:\/\/www.netsuke.com\/wp-json\/wp\/v2\/types\/page"}],"author":[{"embeddable":true,"href":"https:\/\/www.netsuke.com\/wp-json\/wp\/v2\/users\/2"}],"replies":[{"embeddable":true,"href":"https:\/\/www.netsuke.com\/wp-json\/wp\/v2\/comments?post=3481"}],"version-history":[{"count":9,"href":"https:\/\/www.netsuke.com\/wp-json\/wp\/v2\/pages\/3481\/revisions"}],"predecessor-version":[{"id":6078,"href":"https:\/\/www.netsuke.com\/wp-json\/wp\/v2\/pages\/3481\/revisions\/6078"}],"wp:attachment":[{"href":"https:\/\/www.netsuke.com\/wp-json\/wp\/v2\/media?parent=3481"}],"curies":[{"name":"wp","href":"https:\/\/api.w.org\/{rel}","templated":true}]}}