{"id":2484,"date":"2022-06-23T11:03:30","date_gmt":"2022-06-23T02:03:30","guid":{"rendered":"https:\/\/www.netsuke.com\/?page_id=2484"},"modified":"2022-09-20T18:03:03","modified_gmt":"2022-09-20T09:03:03","slug":"about","status":"publish","type":"page","link":"https:\/\/www.netsuke.com\/fr\/about\/","title":{"rendered":"About SAGEMONOYA\uff08\u30d5\u30e9\u30f3\u30b9\u8a9e\uff09"},"content":{"rendered":"<p><!-- \u30b3\u30f3\u30c6\u30f3\u30c4 --><\/p>\n<div class=\"con_h\">\n<p class=\"pankuzu\"><a href=\"\/fr\/\" class=\"home\" >TOP<\/a> &gt; \u00c0 propos de SAGEMONOYA<\/p>\n<\/div>\n<p>  <!-- Breadcrumb NavXT 7.0.2 --><\/p>\n<div class=\"con_in\">\n<section>\n<div class=\"tC pb30\">\n<h2 class=\"tistyle1\">\u00c0 propos de SAGEMONOYA<\/h2>\n<\/p><\/div>\n<div class=\"top_nav\">\n              <a href=\"\/fr\/about\/netsuke\/\" class=\"top_nav_in\"><\/p>\n<div><img decoding=\"async\" src=\"https:\/\/www.netsuke.com\/wp-content\/uploads\/2022\/05\/netsuke_lead.jpg\" alt=\"\"><\/div>\n<p>Qu\u2019est-ce qu\u2019un Netsuk\u00e9\uff1f<\/p>\n<p>              <\/a><br \/>\n              <a href=\"\" class=\"top_nav_in\"><\/p>\n<div><img decoding=\"async\" src=\"https:\/\/www.netsuke.com\/wp-content\/uploads\/2022\/05\/artist_lead.jpg\" alt=\"\"><\/div>\n<p>\u00c0 propos de l&rsquo;artiste<\/p>\n<p>              <\/a><br \/>\n              <a href=\"\/fr\/about\/gallery\/\" class=\"top_nav_in\"><\/p>\n<div><img decoding=\"async\" src=\"https:\/\/www.netsuke.com\/wp-content\/themes\/theme1\/assets\/img\/common\/gallery2_l.jpg\" alt=\"\"><\/div>\n<p>Galerie Sagemonoya<\/p>\n<p>              <\/a><br \/>\n              <!--<a href=\"\" class=\"top_nav_in\">\n                \n\n<div><img decoding=\"async\" src=\"https:\/\/www.netsuke.com\/wp-content\/themes\/theme1\/assets\/img\/common\/dummy800.gif\" alt=\"\"><\/div>\n\n\n              <\/a>-->\n            <\/div>\n<\/section>\n<\/div>\n","protected":false},"excerpt":{"rendered":"<p>TOP &gt; \u00c0 propos de SAGEMONOYA \u00c0 propos de SAGEMONOYA Qu\u2019est-ce qu\u2019un Netsuk\u00e9\uff1f \u00c0 propos de l&rsquo;artiste Galerie Sagemonoya<\/p>\n","protected":false},"author":2,"featured_media":0,"parent":0,"menu_order":0,"comment_status":"closed","ping_status":"closed","template":"","meta":{"_locale":"fr_FR","_original_post":"https:\/\/www.netsuke.com\/?page_id=106","footnotes":""},"class_list":["post-2484","page","type-page","status-publish","hentry","fr-FR"],"yoast_head":"<!-- This site is optimized with the Yoast SEO plugin v19.9 - https:\/\/yoast.com\/wordpress\/plugins\/seo\/ -->\n<title>\u00c0 propos de SAGEMONOYA |<\/title>\n<meta name=\"robots\" content=\"index, follow, max-snippet:-1, max-image-preview:large, max-video-preview:-1\" \/>\n<link rel=\"canonical\" href=\"https:\/\/www.netsuke.com\/fr\/about\/\" \/>\n<meta property=\"og:locale\" content=\"fr_FR\" \/>\n<meta property=\"og:type\" content=\"article\" \/>\n<meta property=\"og:title\" content=\"\u00c0 propos de SAGEMONOYA |\" \/>\n<meta property=\"og:description\" content=\"TOP &gt; \u00c0 propos de SAGEMONOYA \u00c0 propos de SAGEMONOYA Qu\u2019est-ce qu\u2019un Netsuk\u00e9\uff1f \u00c0 propos de l&rsquo;artiste Galerie Sagemonoya\" \/>\n<meta property=\"og:url\" content=\"https:\/\/www.netsuke.com\/fr\/about\/\" \/>\n<meta property=\"og:site_name\" content=\"SAGEMONOYA\" \/>\n<meta property=\"article:modified_time\" content=\"2022-09-20T09:03:03+00:00\" \/>\n<meta property=\"og:image\" content=\"https:\/\/www.netsuke.com\/wp-content\/uploads\/2022\/05\/netsuke_lead.jpg\" \/>\n<meta name=\"twitter:card\" content=\"summary_large_image\" \/>\n<script type=\"application\/ld+json\" class=\"yoast-schema-graph\">{\"@context\":\"https:\/\/schema.org\",\"@graph\":[{\"@type\":\"WebPage\",\"@id\":\"https:\/\/www.netsuke.com\/fr\/about\/\",\"url\":\"https:\/\/www.netsuke.com\/fr\/about\/\",\"name\":\"\u00c0 propos de SAGEMONOYA |\",\"isPartOf\":{\"@id\":\"https:\/\/www.netsuke.com\/#website\"},\"datePublished\":\"2022-06-23T02:03:30+00:00\",\"dateModified\":\"2022-09-20T09:03:03+00:00\",\"breadcrumb\":{\"@id\":\"https:\/\/www.netsuke.com\/fr\/about\/#breadcrumb\"},\"inLanguage\":\"fr-FR\",\"potentialAction\":[{\"@type\":\"ReadAction\",\"target\":[\"https:\/\/www.netsuke.com\/fr\/about\/\"]}]},{\"@type\":\"BreadcrumbList\",\"@id\":\"https:\/\/www.netsuke.com\/fr\/about\/#breadcrumb\",\"itemListElement\":[{\"@type\":\"ListItem\",\"position\":1,\"name\":\"\u30db\u30fc\u30e0\",\"item\":\"https:\/\/www.netsuke.com\/fr\/\"},{\"@type\":\"ListItem\",\"position\":2,\"name\":\"About SAGEMONOYA\uff08\u30d5\u30e9\u30f3\u30b9\u8a9e\uff09\"}]},{\"@type\":\"WebSite\",\"@id\":\"https:\/\/www.netsuke.com\/#website\",\"url\":\"https:\/\/www.netsuke.com\/\",\"name\":\"SAGEMONOYA\",\"description\":\"SAGEMONOYA is the only shop in Japan specializing in antique Netsuke and Sagemono.\",\"publisher\":{\"@id\":\"https:\/\/www.netsuke.com\/#organization\"},\"potentialAction\":[{\"@type\":\"SearchAction\",\"target\":{\"@type\":\"EntryPoint\",\"urlTemplate\":\"https:\/\/www.netsuke.com\/?s={search_term_string}\"},\"query-input\":\"required name=search_term_string\"}],\"inLanguage\":\"fr-FR\"},{\"@type\":\"Organization\",\"@id\":\"https:\/\/www.netsuke.com\/#organization\",\"name\":\"\u30e4\u30d0\u30cd\u682a\u5f0f\u4f1a\u793e\",\"url\":\"https:\/\/www.netsuke.com\/\",\"logo\":{\"@type\":\"ImageObject\",\"inLanguage\":\"fr-FR\",\"@id\":\"https:\/\/www.netsuke.com\/#\/schema\/logo\/image\/\",\"url\":\"https:\/\/www.netsuke.com\/wp-content\/uploads\/2022\/05\/logo-scaled.jpg\",\"contentUrl\":\"https:\/\/www.netsuke.com\/wp-content\/uploads\/2022\/05\/logo-scaled.jpg\",\"width\":2560,\"height\":1043,\"caption\":\"\u30e4\u30d0\u30cd\u682a\u5f0f\u4f1a\u793e\"},\"image\":{\"@id\":\"https:\/\/www.netsuke.com\/#\/schema\/logo\/image\/\"}}]}<\/script>\n<!-- \/ Yoast SEO plugin. -->","yoast_head_json":{"title":"\u00c0 propos de SAGEMONOYA |","robots":{"index":"index","follow":"follow","max-snippet":"max-snippet:-1","max-image-preview":"max-image-preview:large","max-video-preview":"max-video-preview:-1"},"canonical":"https:\/\/www.netsuke.com\/fr\/about\/","og_locale":"fr_FR","og_type":"article","og_title":"\u00c0 propos de SAGEMONOYA |","og_description":"TOP &gt; \u00c0 propos de SAGEMONOYA \u00c0 propos de SAGEMONOYA Qu\u2019est-ce qu\u2019un Netsuk\u00e9\uff1f \u00c0 propos de l&rsquo;artiste Galerie Sagemonoya","og_url":"https:\/\/www.netsuke.com\/fr\/about\/","og_site_name":"SAGEMONOYA","article_modified_time":"2022-09-20T09:03:03+00:00","og_image":[{"url":"https:\/\/www.netsuke.com\/wp-content\/uploads\/2022\/05\/netsuke_lead.jpg"}],"twitter_card":"summary_large_image","schema":{"@context":"https:\/\/schema.org","@graph":[{"@type":"WebPage","@id":"https:\/\/www.netsuke.com\/fr\/about\/","url":"https:\/\/www.netsuke.com\/fr\/about\/","name":"\u00c0 propos de SAGEMONOYA |","isPartOf":{"@id":"https:\/\/www.netsuke.com\/#website"},"datePublished":"2022-06-23T02:03:30+00:00","dateModified":"2022-09-20T09:03:03+00:00","breadcrumb":{"@id":"https:\/\/www.netsuke.com\/fr\/about\/#breadcrumb"},"inLanguage":"fr-FR","potentialAction":[{"@type":"ReadAction","target":["https:\/\/www.netsuke.com\/fr\/about\/"]}]},{"@type":"BreadcrumbList","@id":"https:\/\/www.netsuke.com\/fr\/about\/#breadcrumb","itemListElement":[{"@type":"ListItem","position":1,"name":"\u30db\u30fc\u30e0","item":"https:\/\/www.netsuke.com\/fr\/"},{"@type":"ListItem","position":2,"name":"About SAGEMONOYA\uff08\u30d5\u30e9\u30f3\u30b9\u8a9e\uff09"}]},{"@type":"WebSite","@id":"https:\/\/www.netsuke.com\/#website","url":"https:\/\/www.netsuke.com\/","name":"SAGEMONOYA","description":"SAGEMONOYA is the only shop in Japan specializing in antique Netsuke and Sagemono.","publisher":{"@id":"https:\/\/www.netsuke.com\/#organization"},"potentialAction":[{"@type":"SearchAction","target":{"@type":"EntryPoint","urlTemplate":"https:\/\/www.netsuke.com\/?s={search_term_string}"},"query-input":"required name=search_term_string"}],"inLanguage":"fr-FR"},{"@type":"Organization","@id":"https:\/\/www.netsuke.com\/#organization","name":"\u30e4\u30d0\u30cd\u682a\u5f0f\u4f1a\u793e","url":"https:\/\/www.netsuke.com\/","logo":{"@type":"ImageObject","inLanguage":"fr-FR","@id":"https:\/\/www.netsuke.com\/#\/schema\/logo\/image\/","url":"https:\/\/www.netsuke.com\/wp-content\/uploads\/2022\/05\/logo-scaled.jpg","contentUrl":"https:\/\/www.netsuke.com\/wp-content\/uploads\/2022\/05\/logo-scaled.jpg","width":2560,"height":1043,"caption":"\u30e4\u30d0\u30cd\u682a\u5f0f\u4f1a\u793e"},"image":{"@id":"https:\/\/www.netsuke.com\/#\/schema\/logo\/image\/"}}]}},"_links":{"self":[{"href":"https:\/\/www.netsuke.com\/wp-json\/wp\/v2\/pages\/2484","targetHints":{"allow":["GET"]}}],"collection":[{"href":"https:\/\/www.netsuke.com\/wp-json\/wp\/v2\/pages"}],"about":[{"href":"https:\/\/www.netsuke.com\/wp-json\/wp\/v2\/types\/page"}],"author":[{"embeddable":true,"href":"https:\/\/www.netsuke.com\/wp-json\/wp\/v2\/users\/2"}],"replies":[{"embeddable":true,"href":"https:\/\/www.netsuke.com\/wp-json\/wp\/v2\/comments?post=2484"}],"version-history":[{"count":6,"href":"https:\/\/www.netsuke.com\/wp-json\/wp\/v2\/pages\/2484\/revisions"}],"predecessor-version":[{"id":3877,"href":"https:\/\/www.netsuke.com\/wp-json\/wp\/v2\/pages\/2484\/revisions\/3877"}],"wp:attachment":[{"href":"https:\/\/www.netsuke.com\/wp-json\/wp\/v2\/media?parent=2484"}],"curies":[{"name":"wp","href":"https:\/\/api.w.org\/{rel}","templated":true}]}}