{"id":3228,"date":"2022-07-14T11:54:48","date_gmt":"2022-07-14T02:54:48","guid":{"rendered":"https:\/\/www.netsuke.com\/?page_id=3228"},"modified":"2024-05-21T17:31:16","modified_gmt":"2024-05-21T08:31:16","slug":"home","status":"publish","type":"page","link":"https:\/\/www.netsuke.com\/","title":{"rendered":"HOME"},"content":{"rendered":"<section class=\"kv\">\n<div class=\"swiper slider1\">\n<div class=\"swiper-wrapper\">\n<div class=\"swiper-slide\"><img decoding=\"async\" src=\"\/wp-content\/uploads\/2022\/03\/kv1.png\" alt=\"\"><\/div>\n<p>      <!--\n\n<div class=\"swiper-slide\"><img decoding=\"async\" src=\"\/wp-content\/themes\/theme1\/assets\/img\/top\/kv2.png\" alt=\"\"><\/div>\n\n\n      \n\n<div class=\"swiper-slide\"><img decoding=\"async\" src=\"\/wp-content\/themes\/theme1\/assets\/img\/top\/kv3.png\" alt=\"\"><\/div>\n\n-->\n    <\/div>\n<\/p><\/div>\n<div class=\"swiper-pagination\"><\/div>\n<\/section>\n<div class=\"con_in\">\n<section>\n<ul class=\"listbox\">\n<li>SAGEMONOYA ist die einzige Galerie in Japan, die sich auf antike Netsuke und Sagemono (Ojime, Inro, Kiseruzutsu, Yatate, Tonkotsu, Bokuto und Obidome) spezialisiert hat.<\/li>\n<li>Wir bieten auch eine Auswahl an zeitgen\u00f6ssischen Netsuke und Shunga Kunstwerken an.<\/li>\n<li>Mit Preisen ab 200 US$ umfasst unser st\u00e4ndiger Bestand \u00fcber 600 Artikel.<\/li>\n<li>\u00d6ffnungszeiten: Mittwoch bis Samstag (au\u00dfer an Feiertagen) von 13:30 Uhr bis 18:00 Uhr und nach Vereinbarung.<\/li>\n<li>Bitte klicken Sie auf die Bilder unten, um eine Auswahl der verf\u00fcgbaren Artikel zu sehen. Weitere Artikel bieten wir Ihnen gerne auf Anfrage an.<\/li>\n<\/ul>\n<\/section>\n<section>\n<div class=\"top_nav\">\n\t        <a href=\"\/netsuke-categories\/\" class=\"top_nav_in\"><\/p>\n<div><img decoding=\"async\" src=\"\/wp-content\/uploads\/2023\/09\/top-menu-netsuke230905.jpg\" alt=\"\u6839\u4ed8\"><\/div>\n<p><span>Netsuke<\/span>\u6839\u4ed8<\/p>\n<p>\t        <\/a><br \/>\n\t        <a href=\"\/inro\/\" class=\"top_nav_in\"><\/p>\n<div><img decoding=\"async\" src=\"\/wp-content\/uploads\/2022\/06\/top-menu-inro.jpg\" alt=\"\u5370\u7c60\"><\/div>\n<p><span>Inro<\/span>\u5370\u7c60<\/p>\n<p>\t        <\/a><br \/>\n\t        <a href=\"\/sagemono-categories\/\" class=\"top_nav_in\"><\/p>\n<div><img decoding=\"async\" src=\"\/wp-content\/uploads\/2022\/03\/top-menu-sagemono.jpg\" alt=\"\u63d0\u7269\"><\/div>\n<p><span>Sagemono<\/span>\u63d0\u7269<\/p>\n<p>\t        <\/a><br \/>\n\t        <a href=\"https:\/\/shunganetsuke.com\/\" target=\"_blank\" class=\"top_nav_in\" rel=\"noopener\"><\/p>\n<div><img decoding=\"async\" src=\"\/wp-content\/uploads\/2022\/03\/top-menu-shunga.jpg\" alt=\"\u6625\u753b\"><\/div>\n<p><span>Shunga<\/span>\u6625\u753b<\/p>\n<p>\t        <\/a>\n\t      <\/div>\n<\/section>\n<section>\n<div class=\"top_sagemono\">\n<div><img decoding=\"async\" src=\"\/wp-content\/themes\/theme1\/assets\/img\/common\/logo.png\" alt=\"\u63d0\u7269\u5c4b\"><\/div>\n<ul class=\"top_sagemono_sns\">\n<li><a href=\"https:\/\/www.instagram.com\/sagemonoya\/\" target=\"_blank\" rel=\"noopener\"><img decoding=\"async\" src=\"\/wp-content\/themes\/theme1\/assets\/img\/common\/insta_ico.png\" alt=\"Instagram\"><\/a><\/li>\n<li><a href=\"https:\/\/www.pinterest.jp\/sagemonoya\/\" target=\"_blank\" rel=\"noopener\"><img decoding=\"async\" src=\"\/wp-content\/themes\/theme1\/assets\/img\/common\/pin_ico.png\" alt=\"Pinterest\"><\/a><\/li>\n<\/ul>\n<p>\t\u00a0 \u00a0 \u00a0 \u00a0 \u00a0 \u00a0 \u00a0<\/p>\n<p>Yotsuya 4-chome 28-20-704<br \/>Shinjuku-ku, Tokyo 160-0004 JAPAN<br \/>E-mail: <a href=\"mailto:info@sagemonoya.jp\">info@sagemonoya.jp<\/a><br \/>Tel +81(0)3 3352 6286<\/p>\n<\/p><\/div>\n<\/section>\n<section>\n<div class=\"top_shop\">\n\t        <!--\n\n<h2 class=\"tistyle1\">\"Wir lieben und verkaufen nur feine Netsuke und Sagemono\"<\/h2>\n\n--><\/p>\n<div class=\"top_shop_in\">\n<div class=\"top_shop_in_in\">\n<div><img decoding=\"async\" src=\"\/wp-content\/themes\/theme1\/assets\/img\/top\/shop_thum1.png\" alt=\"\"><\/div>\n<\/p><\/div>\n<div class=\"top_shop_in_in\">\n<div><img decoding=\"async\" src=\"\/wp-content\/themes\/theme1\/assets\/img\/top\/shop_thum2.png\" alt=\"\"><\/div>\n<\/p><\/div>\n<div class=\"top_shop_in_in\">\n<div><img decoding=\"async\" src=\"\/wp-content\/themes\/theme1\/assets\/img\/top\/shop_thum3.png\" alt=\"\"><\/div>\n<\/p><\/div>\n<\/p><\/div>\n<p>\t        <!--\n\n<p><a href=\"\/company\/terms\/\" class=\"astyle1\">Bedingungen f\u00fcr die Nutzung der Website<\/a><\/p>\n\n--><\/p>\n<p><a href=\"\/company\/access\/\"><u>\u25bc Bitte klicken Sie hier, um uns zu finden<\/u><\/a><\/p>\n<\/p><\/div>\n<p><\/p>\n<h2 class=\"lsize_txt\" style=\"color: #edcfaa; font-weight:bold;\" align=\"center\">&#8220;Wir lieben und verkaufen nur feine Netsuke und Sagemono&#8221;<\/h2>\n<\/p><\/div>\n<\/section>\n<\/div>\n","protected":false},"excerpt":{"rendered":"<p>SAGEMONOYA ist die einzige Galerie in Japan, die sich auf antike Netsuke und Sagemono (Ojime, Inro, Kiseruzutsu, Yatate, Tonkotsu, Bokuto und Obidome) spezialisiert hat. Wir bieten auch eine Auswahl an zeitgen\u00f6ssischen Netsuke und Shunga Kunstwerken an. Mit Preisen ab 200 US$ umfasst unser st\u00e4ndiger Bestand \u00fcber 600 Artikel. \u00d6ffnungszeiten: Mittwoch bis Samstag (au\u00dfer an Feiertagen) von 13:30 Uhr bis 18:00 Uhr und nach Vereinbarung. Bitte klicken Sie auf die Bilder unten, um eine Auswahl der verf\u00fcgbaren Artikel zu sehen. Weitere Artikel bieten wir Ihnen gerne auf Anfrage an. Netsuke\u6839\u4ed8 Inro\u5370\u7c60 Sagemono\u63d0\u7269 Shunga\u6625\u753b \u00a0 \u00a0 \u00a0 \u00a0 \u00a0 \u00a0 \u00a0 Yotsuya 4-chome 28-20-704Shinjuku-ku, Tokyo 160-0004 JAPANE-mail: info@sagemonoya.jpTel +81(0)3 3352 6286 \u25bc [&hellip;]<\/p>\n","protected":false},"author":2,"featured_media":0,"parent":0,"menu_order":0,"comment_status":"closed","ping_status":"closed","template":"front-page.php","meta":{"_locale":"de_DE","_original_post":"https:\/\/www.netsuke.com\/?page_id=3143","footnotes":""},"class_list":["post-3228","page","type-page","status-publish","hentry","de-DE"],"yoast_head":"<!-- This site is optimized with the Yoast SEO plugin v19.9 - https:\/\/yoast.com\/wordpress\/plugins\/seo\/ -->\n<title>Netsuke, Inro, Sagemono \uff5c SAGEMONOYA<\/title>\n<meta name=\"robots\" content=\"index, follow, max-snippet:-1, max-image-preview:large, max-video-preview:-1\" \/>\n<link rel=\"canonical\" href=\"https:\/\/www.netsuke.com\/de\/\" \/>\n<meta property=\"og:locale\" content=\"de_DE\" \/>\n<meta property=\"og:type\" content=\"article\" \/>\n<meta property=\"og:title\" content=\"Netsuke, Inro, Sagemono \uff5c SAGEMONOYA\" \/>\n<meta property=\"og:description\" content=\"SAGEMONOYA ist die einzige Galerie in Japan, die sich auf antike Netsuke und Sagemono (Ojime, Inro, Kiseruzutsu, Yatate, Tonkotsu, Bokuto und Obidome) spezialisiert hat. Wir bieten auch eine Auswahl an zeitgen\u00f6ssischen Netsuke und Shunga Kunstwerken an. Mit Preisen ab 200 US$ umfasst unser st\u00e4ndiger Bestand \u00fcber 600 Artikel. \u00d6ffnungszeiten: Mittwoch bis Samstag (au\u00dfer an Feiertagen) von 13:30 Uhr bis 18:00 Uhr und nach Vereinbarung. Bitte klicken Sie auf die Bilder unten, um eine Auswahl der verf\u00fcgbaren Artikel zu sehen. Weitere Artikel bieten wir Ihnen gerne auf Anfrage an. Netsuke\u6839\u4ed8 Inro\u5370\u7c60 Sagemono\u63d0\u7269 Shunga\u6625\u753b \u00a0 \u00a0 \u00a0 \u00a0 \u00a0 \u00a0 \u00a0 Yotsuya 4-chome 28-20-704Shinjuku-ku, Tokyo 160-0004 JAPANE-mail: info@sagemonoya.jpTel +81(0)3 3352 6286 \u25bc [&hellip;]\" \/>\n<meta property=\"og:url\" content=\"https:\/\/www.netsuke.com\/de\/\" \/>\n<meta property=\"og:site_name\" content=\"SAGEMONOYA\" \/>\n<meta property=\"article:modified_time\" content=\"2024-05-21T08:31:16+00:00\" \/>\n<meta name=\"twitter:card\" content=\"summary_large_image\" \/>\n<meta name=\"twitter:label1\" content=\"Gesch\u00e4tzte Lesezeit\" \/>\n\t<meta name=\"twitter:data1\" content=\"4\u00a0Minuten\" \/>\n<script type=\"application\/ld+json\" class=\"yoast-schema-graph\">{\"@context\":\"https:\/\/schema.org\",\"@graph\":[{\"@type\":\"WebPage\",\"@id\":\"https:\/\/www.netsuke.com\/de\/\",\"url\":\"https:\/\/www.netsuke.com\/de\/\",\"name\":\"Netsuke, Inro, Sagemono \uff5c SAGEMONOYA\",\"isPartOf\":{\"@id\":\"https:\/\/www.netsuke.com\/#website\"},\"datePublished\":\"2022-07-14T02:54:48+00:00\",\"dateModified\":\"2024-05-21T08:31:16+00:00\",\"breadcrumb\":{\"@id\":\"https:\/\/www.netsuke.com\/de\/#breadcrumb\"},\"inLanguage\":\"de\",\"potentialAction\":[{\"@type\":\"ReadAction\",\"target\":[\"https:\/\/www.netsuke.com\/de\/\"]}]},{\"@type\":\"BreadcrumbList\",\"@id\":\"https:\/\/www.netsuke.com\/de\/#breadcrumb\",\"itemListElement\":[{\"@type\":\"ListItem\",\"position\":1,\"name\":\"\u30db\u30fc\u30e0\",\"item\":\"https:\/\/www.netsuke.com\/de\/\"},{\"@type\":\"ListItem\",\"position\":2,\"name\":\"HOME\"}]},{\"@type\":\"WebSite\",\"@id\":\"https:\/\/www.netsuke.com\/#website\",\"url\":\"https:\/\/www.netsuke.com\/\",\"name\":\"SAGEMONOYA\",\"description\":\"SAGEMONOYA is the only shop in Japan specializing in antique Netsuke and Sagemono.\",\"publisher\":{\"@id\":\"https:\/\/www.netsuke.com\/#organization\"},\"potentialAction\":[{\"@type\":\"SearchAction\",\"target\":{\"@type\":\"EntryPoint\",\"urlTemplate\":\"https:\/\/www.netsuke.com\/?s={search_term_string}\"},\"query-input\":\"required name=search_term_string\"}],\"inLanguage\":\"de\"},{\"@type\":\"Organization\",\"@id\":\"https:\/\/www.netsuke.com\/#organization\",\"name\":\"\u30e4\u30d0\u30cd\u682a\u5f0f\u4f1a\u793e\",\"url\":\"https:\/\/www.netsuke.com\/\",\"logo\":{\"@type\":\"ImageObject\",\"inLanguage\":\"de\",\"@id\":\"https:\/\/www.netsuke.com\/#\/schema\/logo\/image\/\",\"url\":\"https:\/\/www.netsuke.com\/wp-content\/uploads\/2022\/05\/logo-scaled.jpg\",\"contentUrl\":\"https:\/\/www.netsuke.com\/wp-content\/uploads\/2022\/05\/logo-scaled.jpg\",\"width\":2560,\"height\":1043,\"caption\":\"\u30e4\u30d0\u30cd\u682a\u5f0f\u4f1a\u793e\"},\"image\":{\"@id\":\"https:\/\/www.netsuke.com\/#\/schema\/logo\/image\/\"}}]}<\/script>\n<!-- \/ Yoast SEO plugin. -->","yoast_head_json":{"title":"Netsuke, Inro, Sagemono \uff5c SAGEMONOYA","robots":{"index":"index","follow":"follow","max-snippet":"max-snippet:-1","max-image-preview":"max-image-preview:large","max-video-preview":"max-video-preview:-1"},"canonical":"https:\/\/www.netsuke.com\/de\/","og_locale":"de_DE","og_type":"article","og_title":"Netsuke, Inro, Sagemono \uff5c SAGEMONOYA","og_description":"SAGEMONOYA ist die einzige Galerie in Japan, die sich auf antike Netsuke und Sagemono (Ojime, Inro, Kiseruzutsu, Yatate, Tonkotsu, Bokuto und Obidome) spezialisiert hat. Wir bieten auch eine Auswahl an zeitgen\u00f6ssischen Netsuke und Shunga Kunstwerken an. Mit Preisen ab 200 US$ umfasst unser st\u00e4ndiger Bestand \u00fcber 600 Artikel. \u00d6ffnungszeiten: Mittwoch bis Samstag (au\u00dfer an Feiertagen) von 13:30 Uhr bis 18:00 Uhr und nach Vereinbarung. Bitte klicken Sie auf die Bilder unten, um eine Auswahl der verf\u00fcgbaren Artikel zu sehen. Weitere Artikel bieten wir Ihnen gerne auf Anfrage an. Netsuke\u6839\u4ed8 Inro\u5370\u7c60 Sagemono\u63d0\u7269 Shunga\u6625\u753b \u00a0 \u00a0 \u00a0 \u00a0 \u00a0 \u00a0 \u00a0 Yotsuya 4-chome 28-20-704Shinjuku-ku, Tokyo 160-0004 JAPANE-mail: info@sagemonoya.jpTel +81(0)3 3352 6286 \u25bc [&hellip;]","og_url":"https:\/\/www.netsuke.com\/de\/","og_site_name":"SAGEMONOYA","article_modified_time":"2024-05-21T08:31:16+00:00","twitter_card":"summary_large_image","twitter_misc":{"Gesch\u00e4tzte Lesezeit":"4\u00a0Minuten"},"schema":{"@context":"https:\/\/schema.org","@graph":[{"@type":"WebPage","@id":"https:\/\/www.netsuke.com\/de\/","url":"https:\/\/www.netsuke.com\/de\/","name":"Netsuke, Inro, Sagemono \uff5c SAGEMONOYA","isPartOf":{"@id":"https:\/\/www.netsuke.com\/#website"},"datePublished":"2022-07-14T02:54:48+00:00","dateModified":"2024-05-21T08:31:16+00:00","breadcrumb":{"@id":"https:\/\/www.netsuke.com\/de\/#breadcrumb"},"inLanguage":"de","potentialAction":[{"@type":"ReadAction","target":["https:\/\/www.netsuke.com\/de\/"]}]},{"@type":"BreadcrumbList","@id":"https:\/\/www.netsuke.com\/de\/#breadcrumb","itemListElement":[{"@type":"ListItem","position":1,"name":"\u30db\u30fc\u30e0","item":"https:\/\/www.netsuke.com\/de\/"},{"@type":"ListItem","position":2,"name":"HOME"}]},{"@type":"WebSite","@id":"https:\/\/www.netsuke.com\/#website","url":"https:\/\/www.netsuke.com\/","name":"SAGEMONOYA","description":"SAGEMONOYA is the only shop in Japan specializing in antique Netsuke and Sagemono.","publisher":{"@id":"https:\/\/www.netsuke.com\/#organization"},"potentialAction":[{"@type":"SearchAction","target":{"@type":"EntryPoint","urlTemplate":"https:\/\/www.netsuke.com\/?s={search_term_string}"},"query-input":"required name=search_term_string"}],"inLanguage":"de"},{"@type":"Organization","@id":"https:\/\/www.netsuke.com\/#organization","name":"\u30e4\u30d0\u30cd\u682a\u5f0f\u4f1a\u793e","url":"https:\/\/www.netsuke.com\/","logo":{"@type":"ImageObject","inLanguage":"de","@id":"https:\/\/www.netsuke.com\/#\/schema\/logo\/image\/","url":"https:\/\/www.netsuke.com\/wp-content\/uploads\/2022\/05\/logo-scaled.jpg","contentUrl":"https:\/\/www.netsuke.com\/wp-content\/uploads\/2022\/05\/logo-scaled.jpg","width":2560,"height":1043,"caption":"\u30e4\u30d0\u30cd\u682a\u5f0f\u4f1a\u793e"},"image":{"@id":"https:\/\/www.netsuke.com\/#\/schema\/logo\/image\/"}}]}},"_links":{"self":[{"href":"https:\/\/www.netsuke.com\/wp-json\/wp\/v2\/pages\/3228","targetHints":{"allow":["GET"]}}],"collection":[{"href":"https:\/\/www.netsuke.com\/wp-json\/wp\/v2\/pages"}],"about":[{"href":"https:\/\/www.netsuke.com\/wp-json\/wp\/v2\/types\/page"}],"author":[{"embeddable":true,"href":"https:\/\/www.netsuke.com\/wp-json\/wp\/v2\/users\/2"}],"replies":[{"embeddable":true,"href":"https:\/\/www.netsuke.com\/wp-json\/wp\/v2\/comments?post=3228"}],"version-history":[{"count":9,"href":"https:\/\/www.netsuke.com\/wp-json\/wp\/v2\/pages\/3228\/revisions"}],"predecessor-version":[{"id":6077,"href":"https:\/\/www.netsuke.com\/wp-json\/wp\/v2\/pages\/3228\/revisions\/6077"}],"wp:attachment":[{"href":"https:\/\/www.netsuke.com\/wp-json\/wp\/v2\/media?parent=3228"}],"curies":[{"name":"wp","href":"https:\/\/api.w.org\/{rel}","templated":true}]}}